{"id":1007,"date":"2016-11-02T14:21:01","date_gmt":"2016-11-02T14:21:01","guid":{"rendered":"http:\/\/carnevali.comcentrica.it\/azienda\/"},"modified":"2020-12-16T11:33:44","modified_gmt":"2020-12-16T10:33:44","slug":"empresa","status":"publish","type":"page","link":"https:\/\/www.carnevali.it\/es\/empresa\/","title":{"rendered":"Empresa"},"content":{"rendered":"<div class=\"wpb-content-wrapper\"><p>[vc_row css_animation=\u00bb\u00bb row_type=\u00bbrow\u00bb use_row_as_full_screen_section=\u00bbno\u00bb type=\u00bbfull_width\u00bb angled_section=\u00bbno\u00bb text_align=\u00bbcenter\u00bb background_image_as_pattern=\u00bbwithout_pattern\u00bb padding_top=\u00bb0&#8243; padding_bottom=\u00bb0&#8243; css=\u00bb.vc_custom_1607942912187{background-image: url(https:\/\/www.carnevali.it\/wp-content\/uploads\/2016\/11\/bkg-home-neutro-carnevali-1920.jpg?id=1015) !important;background-position: center !important;background-repeat: no-repeat !important;background-size: cover !important;}\u00bb z_index=\u00bb\u00bb background_color=\u00bb\u00bb border_color=\u00bb\u00bb][vc_column][vc_separator type=\u00bbtransparent\u00bb up=\u00bb100&#8243; down=\u00bb25&#8243;][vc_separator type=\u00bbtransparent\u00bb up=\u00bb25&#8243; down=\u00bb25&#8243;][vc_column_text]<\/p>\n<h2 style=\"text-align: center;\"><span style=\"color: #003360;\">Tenemos el secreto para mantenerlos en forma.<\/span><\/h2>\n<p>[\/vc_column_text][vc_separator type=\u00bbtransparent\u00bb up=\u00bb25&#8243; down=\u00bb25&#8243;][\/vc_column][\/vc_row][vc_row css_animation=\u00bb\u00bb row_type=\u00bbrow\u00bb use_row_as_full_screen_section=\u00bbno\u00bb type=\u00bbgrid\u00bb angled_section=\u00bbno\u00bb text_align=\u00bbcenter\u00bb background_image_as_pattern=\u00bbwithout_pattern\u00bb css=\u00bb.vc_custom_1478097484495{padding-top: 72px !important;}\u00bb][vc_column width=\u00bb1\/2&#8243;]\n\t\t\t<!-- START azienda REVOLUTION SLIDER 6.7.39 --><p class=\"rs-p-wp-fix\"><\/p>\n\t\t\t<rs-module-wrap id=\"rev_slider_1_1_wrapper\" data-source=\"gallery\" style=\"visibility:hidden;background:rgba(226,226,226,0);padding:0;margin:0px auto;margin-top:0;margin-bottom:0;\">\n\t\t\t\t<rs-module id=\"rev_slider_1_1\" style=\"\" data-version=\"6.7.39\">\n\t\t\t\t\t<rs-slides style=\"overflow: hidden; position: absolute;\">\n\t\t\t\t\t\t<rs-slide style=\"position: absolute;\" data-key=\"rs-1\" data-title=\"Slide\" data-thumb=\"\/\/www.carnevali.it\/wp-content\/uploads\/2018\/02\/luigi-carnevali-interno-100x50.jpg\" data-anim=\"adpr:false;\">\n\t\t\t\t\t\t\t<img decoding=\"async\" src=\"\/\/www.carnevali.it\/wp-content\/plugins\/revslider\/sr6\/assets\/assets\/dummy.png\" alt=\"\" title=\"Empresa\" class=\"rev-slidebg tp-rs-img rs-lazyload\" data-lazyload=\"\/\/www.carnevali.it\/wp-content\/uploads\/2018\/02\/luigi-carnevali-interno.jpg\" data-no-retina>\n<!---->\t\t\t\t\t<\/rs-slide>\n\t\t\t\t\t\t<rs-slide style=\"position: absolute;\" data-key=\"rs-2\" data-title=\"Slide\" data-thumb=\"\/\/www.carnevali.it\/wp-content\/uploads\/2018\/02\/luigi-carnevali-magazzino-100x50.jpg\" data-anim=\"adpr:false;\">\n\t\t\t\t\t\t\t<img decoding=\"async\" src=\"\/\/www.carnevali.it\/wp-content\/plugins\/revslider\/sr6\/assets\/assets\/dummy.png\" alt=\"\" title=\"Empresa\" class=\"rev-slidebg tp-rs-img rs-lazyload\" data-lazyload=\"\/\/www.carnevali.it\/wp-content\/uploads\/2018\/02\/luigi-carnevali-magazzino.jpg\" data-no-retina>\n<!---->\t\t\t\t\t<\/rs-slide>\n\t\t\t\t\t\t<rs-slide style=\"position: absolute;\" data-key=\"rs-3\" data-title=\"Slide\" data-thumb=\"\/\/www.carnevali.it\/wp-content\/uploads\/2018\/02\/luigi-carnevali-magazzino-100x50.jpg\" data-anim=\"adpr:false;\">\n\t\t\t\t\t\t\t<img decoding=\"async\" src=\"\/\/www.carnevali.it\/wp-content\/plugins\/revslider\/sr6\/assets\/assets\/dummy.png\" alt=\"\" title=\"Empresa\" class=\"rev-slidebg tp-rs-img rs-lazyload\" data-lazyload=\"\/\/www.carnevali.it\/wp-content\/uploads\/2018\/02\/luigi-carnevali-magazzino.jpg\" data-no-retina>\n<!---->\t\t\t\t\t<\/rs-slide>\n\t\t\t\t\t\t<rs-slide style=\"position: absolute;\" data-key=\"rs-4\" data-title=\"Slide\" data-thumb=\"\/\/www.carnevali.it\/wp-content\/uploads\/2018\/02\/luigi-carnevali-azienda-100x50.jpg\" data-anim=\"adpr:false;\">\n\t\t\t\t\t\t\t<img decoding=\"async\" src=\"\/\/www.carnevali.it\/wp-content\/plugins\/revslider\/sr6\/assets\/assets\/dummy.png\" alt=\"\" title=\"Empresa\" class=\"rev-slidebg tp-rs-img rs-lazyload\" data-lazyload=\"\/\/www.carnevali.it\/wp-content\/uploads\/2018\/02\/luigi-carnevali-azienda.jpg\" data-no-retina>\n<!---->\t\t\t\t\t<\/rs-slide>\n\t\t\t\t\t<\/rs-slides>\n\t\t\t\t<\/rs-module>\n\t\t\t\t<script>\n\t\t\t\t\tsetREVStartSize({c: 'rev_slider_1_1',rl:[1240,1024,778,480],el:[],gw:[1240],gh:[868],type:'standard',justify:'',layout:'fullwidth',mh:\"0\"});if (window.RS_MODULES!==undefined && window.RS_MODULES.modules!==undefined && window.RS_MODULES.modules[\"revslider11\"]!==undefined) {window.RS_MODULES.modules[\"revslider11\"].once = false;window.revapi1 = undefined;if (window.RS_MODULES.checkMinimal!==undefined) window.RS_MODULES.checkMinimal()}\n\t\t\t\t<\/script>\n\t\t\t<\/rs-module-wrap>\n\t\t\t<!-- END REVOLUTION SLIDER -->\n[\/vc_column][vc_column width=\u00bb1\/2&#8243;][vc_column_text]<\/p>\n<h2 style=\"text-align: left;\">Nuestra historia<\/h2>\n<p>[\/vc_column_text][vc_empty_space height=\u00bb39px\u00bb][vc_column_text]<\/p>\n<p style=\"text-align: left;\"><strong>Luigi Carnevali S.a.s.<\/strong>, nace a principios del siglo XX, especializ\u00e1ndose en la producci\u00f3n y venta de hebillas, accesorios de metal y bordados, estos \u00faltimos particularmente apreciados en los a\u00f1os \u201820 y 30\u2019. En ese momento, la Compa\u00f1\u00eda tambi\u00e9n ten\u00eda la representaci\u00f3n de la empresa francesa \u201cLeon\u201d, conocida especialmente por la realizaci\u00f3n de hebillas esmaltadas de corladura (una variedad de plata dorada) altamente refinadas.<\/p>\n<p>&nbsp;<\/p>\n<p style=\"text-align: left;\">Desde el principio, <strong>Luigi Carnevali<\/strong> ha conservado la calidad de sus productos como un punto fuerte, despertando el inter\u00e9s de una clientela muy exigente que posee Marcas y Maisons de gran prestigio entre las que se encuentran, solo para mencionar algunas: <strong>Bottega Veneta<\/strong>, <strong>Prada<\/strong>, <strong>Gucci<\/strong>, <strong>Luis Vuitton<\/strong> y <strong>Cristian Louboutin<\/strong>.<\/p>\n<p>&nbsp;<\/p>\n<p style=\"text-align: left;\">A lo largo de los a\u00f1os, la Empresa ha demostrado su capacidad para mantenerse actualizada, para saber responder a las exigencias de un mercado en permanente evoluci\u00f3n, proponiendo a sus clientes art\u00edculos siempre a la vanguardia, pero manteniendo inalterada la calidad que la caracteriza. Resultado de esto es la introducci\u00f3n en Italia de la gutapercha: un material exclusivo, cuya concesi\u00f3n pertenece a\u00fan hoy a <strong>Luigi Carnevali<\/strong>, realizado de caucho natural extraordinariamente transpirable, usado para reforzar las pieles.<\/p>\n<p>[\/vc_column_text][vc_empty_space height=\u00bb42px\u00bb][\/vc_column][\/vc_row][vc_row css_animation=\u00bb\u00bb row_type=\u00bbrow\u00bb use_row_as_full_screen_section=\u00bbno\u00bb type=\u00bbgrid\u00bb angled_section=\u00bbno\u00bb text_align=\u00bbleft\u00bb background_image_as_pattern=\u00bbwithout_pattern\u00bb css=\u00bb.vc_custom_1505817130833{padding-top: 0px !important;padding-bottom: 0px !important;}\u00bb][vc_column][vc_separator type=\u00bbnormal\u00bb color=\u00bb#aaaaaa\u00bb][\/vc_column][\/vc_row][vc_row css_animation=\u00bb\u00bb row_type=\u00bbrow\u00bb use_row_as_full_screen_section=\u00bbno\u00bb type=\u00bbgrid\u00bb angled_section=\u00bbno\u00bb text_align=\u00bbcenter\u00bb background_image_as_pattern=\u00bbwithout_pattern\u00bb css=\u00bb.vc_custom_1505817171847{padding-top: 10px !important;}\u00bb][vc_column width=\u00bb1\/2&#8243;][vc_column_text]<\/p>\n<h2 style=\"text-align: left;\">Nuestro futuro<\/h2>\n<p>[\/vc_column_text][vc_empty_space height=\u00bb39px\u00bb][vc_column_text]<\/p>\n<p style=\"text-align: left;\">Con el objetivo de continuar su recorrido de crecimiento y desarrollo, el 1\u00ba de enero de 2017 <strong>Luigi Carnevali S.a.s.<\/strong> complet\u00f3 la fusi\u00f3n con la filial <strong><a href=\"http:\/\/www.resinoll.it\/\" target=\"_blank\" rel=\"noopener\">Resinoll<\/a><\/strong>, l\u00edder en la producci\u00f3n y comercializaci\u00f3n de termoadhesivos para la confecci\u00f3n y, en la actualidad, puede considerarse plenamente competitiva: en el calzado, la marroquiner\u00eda y en las prendas de piel y tejido.<\/p>\n<p>&nbsp;<\/p>\n<p style=\"text-align: left;\">Gracias al conocimiento adquirido a lo largo de m\u00e1s de cien a\u00f1os de experiencia, pero siempre mirando al futuro, la Empresa realiza una continua investigaci\u00f3n y desarrollo de nuevos productos con prestaciones cada vez mayores, con el objetivo de suministrar a sus clientes las mejores soluciones posibles.<\/p>\n<p>[\/vc_column_text][vc_empty_space height=\u00bb42px\u00bb][\/vc_column][vc_column width=\u00bb1\/2&#8243;][vc_single_image image=\u00bb1000&#8243; img_size=\u00bblarge\u00bb alignment=\u00bbcenter\u00bb qode_css_animation=\u00bb\u00bb][\/vc_column][\/vc_row][vc_row css_animation=\u00bb\u00bb row_type=\u00bbrow\u00bb use_row_as_full_screen_section=\u00bbno\u00bb type=\u00bbfull_width\u00bb angled_section=\u00bbno\u00bb text_align=\u00bbcenter\u00bb background_image_as_pattern=\u00bbwithout_pattern\u00bb css=\u00bb.vc_custom_1607942936569{padding-top: 0px !important;padding-bottom: 0px !important;background-image: url(https:\/\/www.carnevali.it\/wp-content\/uploads\/2016\/11\/carnevali-bkg-mondo.jpg?id=1013) !important;}\u00bb z_index=\u00bb\u00bb background_color=\u00bb\u00bb border_color=\u00bb\u00bb][vc_column][vc_separator type=\u00bbtransparent\u00bb up=\u00bb25&#8243; down=\u00bb25&#8243;][vc_column_text]<\/p>\n<h3 style=\"text-align: center;\"><span style=\"color: #ffffff;\">Carnevali En El Mundo<\/span><\/h3>\n<p>[\/vc_column_text][vc_separator type=\u00bbsmall\u00bb position=\u00bbcenter\u00bb color=\u00bb#ffffff\u00bb][vc_separator type=\u00bbtransparent\u00bb up=\u00bb25&#8243; down=\u00bb25&#8243;][vc_row_inner row_type=\u00bbrow\u00bb type=\u00bbgrid\u00bb text_align=\u00bbleft\u00bb css_animation=\u00bb\u00bb][vc_column_inner width=\u00bb1\/4&#8243;][vc_column_text]<\/p>\n<h4 class=\"p1\" style=\"text-align: center;\"><span style=\"color: #ffffff;\"><b>EUROPA<\/b><\/span><\/h4>\n<p>[\/vc_column_text][vc_column_text]<\/p>\n<h5 style=\"text-align: center;\"><span style=\"color: #ffffff;\">Francia<\/span><br \/>\n<span style=\"color: #ffffff;\">Alemania<\/span><br \/>\n<span style=\"color: #ffffff;\">Grecia (Comerciante)<\/span><br \/>\n<span style=\"color: #ffffff;\">Holanda<\/span><br \/>\n<span style=\"color: #ffffff;\">Polonia (Comerciante)<\/span><br \/>\n<span style=\"color: #ffffff;\">Portugal (Agente)<\/span><br \/>\n<span style=\"color: #ffffff;\">Romania<\/span><br \/>\n<span style=\"color: #ffffff;\">Rusia<\/span><br \/>\n<span style=\"color: #ffffff;\">Serbia<\/span><br \/>\n<span style=\"color: #ffffff;\">Espa\u00f1a (Comerciante)<\/span><br \/>\n<span style=\"color: #ffffff;\">Suiza<\/span><br \/>\n<span style=\"color: #ffffff;\">UK (Dealer)<\/span><\/h5>\n<p>[\/vc_column_text][\/vc_column_inner][vc_column_inner width=\u00bb1\/4&#8243;][vc_column_text]<\/p>\n<h4 class=\"p1\" style=\"text-align: center;\"><span style=\"color: #ffffff;\"><b>AM\u00c9RICA<\/b><\/span><\/h4>\n<p>[\/vc_column_text][vc_column_text]<\/p>\n<h5 style=\"text-align: center;\"><span style=\"color: #ffffff;\">Argentina<\/span><br \/>\n<span style=\"color: #ffffff;\">Brasil<\/span><br \/>\n<span style=\"color: #ffffff;\">Canad\u00e1<\/span><br \/>\n<span style=\"color: #ffffff;\">Colombia<\/span><br \/>\n<span style=\"color: #ffffff;\">M\u00e9xico (Dealer)<\/span><br \/>\n<span style=\"color: #ffffff;\">Rep\u00fablica Dominicana<\/span><br \/>\n<span style=\"color: #ffffff;\">USA<\/span><br \/>\n<span style=\"color: #ffffff;\">Venezuela<\/span><\/h5>\n<p>[\/vc_column_text][\/vc_column_inner][vc_column_inner width=\u00bb1\/4&#8243;][vc_column_text]<\/p>\n<h4 class=\"p1\" style=\"text-align: center;\"><span style=\"color: #ffffff;\"><b>ASIA Y ORIENTE MEDIO<\/b><\/span><\/h4>\n<p>[\/vc_column_text][vc_column_text]<\/p>\n<h5 style=\"text-align: center;\"><span style=\"color: #ffffff;\">Bangladesh<\/span><br \/>\n<span style=\"color: #ffffff;\">Camboya<\/span><br \/>\n<span style=\"color: #ffffff;\">China<\/span><br \/>\n<span style=\"color: #ffffff;\">Hong Kong (Comerciante)<\/span><br \/>\n<span style=\"color: #ffffff;\">India (Almac\u00e9n)<\/span><br \/>\n<span style=\"color: #ffffff;\">Indonesia<\/span><br \/>\n<span style=\"color: #ffffff;\">Israel<\/span><br \/>\n<span style=\"color: #ffffff;\">Corea<\/span><br \/>\n<span style=\"color: #ffffff;\">L\u00edbano<\/span><br \/>\n<span style=\"color: #ffffff;\">Pakist\u00e1n<\/span><br \/>\n<span style=\"color: #ffffff;\">Thailandia<\/span><br \/>\n<span style=\"color: #ffffff;\">Turqu\u00eda (Comerciante)<\/span><br \/>\n<span style=\"color: #ffffff;\">Vietnam<\/span><\/h5>\n<p>[\/vc_column_text][\/vc_column_inner][vc_column_inner width=\u00bb1\/4&#8243;][vc_column_text]<\/p>\n<h4 class=\"p1\" style=\"text-align: center;\"><span style=\"color: #ffffff;\"><b>\u00c1FRICA<\/b><\/span><\/h4>\n<p>[\/vc_column_text][vc_column_text]<\/p>\n<h5 style=\"text-align: center;\"><span style=\"color: #ffffff;\">Etiopia<\/span><br \/>\n<span style=\"color: #ffffff;\">Marruecos<\/span><br \/>\n<span style=\"color: #ffffff;\">Sud\u00e1frica (Comerciante)<\/span><br \/>\n<span style=\"color: #ffffff;\">T\u00fanes<\/span><\/h5>\n<p>[\/vc_column_text][\/vc_column_inner][\/vc_row_inner][vc_separator type=\u00bbtransparent\u00bb up=\u00bb25&#8243; down=\u00bb25&#8243;][\/vc_column][\/vc_row]<\/p>\n<\/div>","protected":false},"excerpt":{"rendered":"<p>[vc_row css_animation=\u00bb\u00bb row_type=\u00bbrow\u00bb use_row_as_full_screen_section=\u00bbno\u00bb type=\u00bbfull_width\u00bb angled_section=\u00bbno\u00bb text_align=\u00bbcenter\u00bb background_image_as_pattern=\u00bbwithout_pattern\u00bb padding_top=\u00bb0&#8243; padding_bottom=\u00bb0&#8243; css=\u00bb.vc_custom_1607942912187{background-image: url(https:\/\/www.carnevali.it\/wp-content\/uploads\/2016\/11\/bkg-home-neutro-carnevali-1920.jpg?id=1015) !important;background-position: center !important;background-repeat: no-repeat !important;background-size: cover !important;}\u00bb z_index=\u00bb\u00bb background_color=\u00bb\u00bb border_color=\u00bb\u00bb][vc_column][vc_separator type=\u00bbtransparent\u00bb up=\u00bb100&#8243; down=\u00bb25&#8243;][vc_separator type=\u00bbtransparent\u00bb up=\u00bb25&#8243; down=\u00bb25&#8243;][vc_column_text] Tenemos el secreto para mantenerlos en forma. [\/vc_column_text][vc_separator type=\u00bbtransparent\u00bb up=\u00bb25&#8243; down=\u00bb25&#8243;][\/vc_column][\/vc_row][vc_row css_animation=\u00bb\u00bb row_type=\u00bbrow\u00bb use_row_as_full_screen_section=\u00bbno\u00bb type=\u00bbgrid\u00bb angled_section=\u00bbno\u00bb text_align=\u00bbcenter\u00bb background_image_as_pattern=\u00bbwithout_pattern\u00bb css=\u00bb.vc_custom_1478097484495{padding-top: 72px !important;}\u00bb][vc_column width=\u00bb1\/2&#8243;][\/vc_column][vc_column width=\u00bb1\/2&#8243;][vc_column_text] Nuestra historia [\/vc_column_text][vc_empty_space height=\u00bb39px\u00bb][vc_column_text] Luigi Carnevali S.a.s., nace a principios del siglo XX, especializ\u00e1ndose en la producci\u00f3n y venta de hebillas, accesorios de metal y bordados, estos \u00faltimos particularmente apreciados en los a\u00f1os \u201820 y 30\u2019. En ese momento, la Compa\u00f1\u00eda tambi\u00e9n ten\u00eda la representaci\u00f3n de la empresa francesa \u201cLeon\u201d, conocida especialmente por la realizaci\u00f3n de hebillas esmaltadas de corladura (una variedad de plata dorada) altamente refinadas. &nbsp; Desde el principio, Luigi Carnevali ha conservado la calidad de sus productos como un punto fuerte, despertando el inter\u00e9s de una clientela muy exigente que posee Marcas y Maisons de gran prestigio entre las que se encuentran, solo para mencionar algunas: Bottega Veneta, Prada, Gucci, Luis Vuitton y Cristian Louboutin. &nbsp; A lo largo de los a\u00f1os, la Empresa ha demostrado su capacidad para mantenerse actualizada, para saber responder a las exigencias de un mercado en permanente evoluci\u00f3n, proponiendo a sus&#8230;<\/p>\n","protected":false},"author":1,"featured_media":0,"parent":0,"menu_order":0,"comment_status":"closed","ping_status":"closed","template":"full_width.php","meta":{"footnotes":""},"class_list":["post-1007","page","type-page","status-publish","hentry"],"_links":{"self":[{"href":"https:\/\/www.carnevali.it\/es\/wp-json\/wp\/v2\/pages\/1007","targetHints":{"allow":["GET"]}}],"collection":[{"href":"https:\/\/www.carnevali.it\/es\/wp-json\/wp\/v2\/pages"}],"about":[{"href":"https:\/\/www.carnevali.it\/es\/wp-json\/wp\/v2\/types\/page"}],"author":[{"embeddable":true,"href":"https:\/\/www.carnevali.it\/es\/wp-json\/wp\/v2\/users\/1"}],"replies":[{"embeddable":true,"href":"https:\/\/www.carnevali.it\/es\/wp-json\/wp\/v2\/comments?post=1007"}],"version-history":[{"count":3,"href":"https:\/\/www.carnevali.it\/es\/wp-json\/wp\/v2\/pages\/1007\/revisions"}],"predecessor-version":[{"id":1910,"href":"https:\/\/www.carnevali.it\/es\/wp-json\/wp\/v2\/pages\/1007\/revisions\/1910"}],"wp:attachment":[{"href":"https:\/\/www.carnevali.it\/es\/wp-json\/wp\/v2\/media?parent=1007"}],"curies":[{"name":"wp","href":"https:\/\/api.w.org\/{rel}","templated":true}]}}