{"id":1019,"date":"2018-01-11T18:55:44","date_gmt":"2018-01-11T17:55:44","guid":{"rendered":"http:\/\/carnevali.comcentrica.it\/servizi\/"},"modified":"2020-12-16T11:41:52","modified_gmt":"2020-12-16T10:41:52","slug":"servicios","status":"publish","type":"page","link":"https:\/\/www.carnevali.it\/es\/servicios\/","title":{"rendered":"Servicios"},"content":{"rendered":"<div class=\"wpb-content-wrapper\"><p>[vc_row css_animation=\u00bb\u00bb row_type=\u00bbrow\u00bb use_row_as_full_screen_section=\u00bbno\u00bb type=\u00bbfull_width\u00bb angled_section=\u00bbno\u00bb text_align=\u00bbleft\u00bb background_image_as_pattern=\u00bbwithout_pattern\u00bb css=\u00bb.vc_custom_1607943437394{padding-top: 30px !important;padding-bottom: 30px !important;background-image: url(https:\/\/www.carnevali.it\/wp-content\/uploads\/2018\/01\/luigi-carnevali-servizi.jpg?id=1020) !important;}\u00bb z_index=\u00bb\u00bb background_color=\u00bb\u00bb border_color=\u00bb\u00bb][vc_column][vc_separator type=\u00bbtransparent\u00bb up=\u00bb200&#8243;][vc_separator type=\u00bbtransparent\u00bb down=\u00bb200&#8243;][\/vc_column][\/vc_row][vc_row css_animation=\u00bb\u00bb row_type=\u00bbrow\u00bb use_row_as_full_screen_section=\u00bbno\u00bb type=\u00bbfull_width\u00bb angled_section=\u00bbno\u00bb text_align=\u00bbleft\u00bb background_image_as_pattern=\u00bbwithout_pattern\u00bb css=\u00bb.vc_custom_1517408299995{padding-top: 20px !important;}\u00bb][vc_column][vc_column_text css=\u00bb.vc_custom_1523613455128{padding-right: 20% !important;padding-left: 20% !important;}\u00bb]<\/p>\n<h2 style=\"text-align: center;\"><span style=\"color: #003360;\">Elige la calidad<\/span><\/h2>\n<h2><\/h2>\n<p>&nbsp;<\/p>\n<h3 style=\"text-align: center;\"><span style=\"color: #003360;\"><strong><span class=\"white\">La certeza del resultado se origina en la experiencia y la profesionalidad.<\/span><\/strong><\/span><\/h3>\n<p>[\/vc_column_text][\/vc_column][\/vc_row][vc_row css_animation=\u00bb\u00bb row_type=\u00bbrow\u00bb use_row_as_full_screen_section=\u00bbno\u00bb type=\u00bbgrid\u00bb angled_section=\u00bbno\u00bb text_align=\u00bbleft\u00bb background_image_as_pattern=\u00bbwithout_pattern\u00bb css=\u00bb.vc_custom_1515773116939{padding-top: 5% !important;padding-right: 2% !important;padding-bottom: 5% !important;padding-left: 2% !important;}\u00bb][vc_column width=\u00bb1\/3&#8243; css=\u00bb.vc_custom_1515773105647{padding-right: 2% !important;padding-left: 2% !important;}\u00bb][vc_column_text]<\/p>\n<h4>Puntualidad<\/h4>\n<p>[\/vc_column_text][vc_separator type=\u00bbnormal\u00bb up=\u00bb10&#8243; down=\u00bb20&#8243;][vc_column_text]Una de las mayores ventajas de <strong>Luigi Carnevali S.a.s.<\/strong> es, sin duda, la eficiencia de la log\u00edstica para el env\u00edo de la mercanc\u00eda solicitada desde los propios almacenes. Desde la recepci\u00f3n del pedido o de la solicitud de la muestra por parte del cliente, normalmente no pasan m\u00e1s de 24 horas antes de la gesti\u00f3n y el env\u00edo de dicho pedido a trav\u00e9s de una red global de transportes que se extiende en todo el territorio italiano e internacional.[\/vc_column_text][\/vc_column][vc_column width=\u00bb1\/3&#8243; css=\u00bb.vc_custom_1515773022914{padding-right: 2% !important;padding-left: 2% !important;}\u00bb][vc_column_text]<\/p>\n<h4>Investigaci\u00f3n y Desarrollo<\/h4>\n<p>[\/vc_column_text][vc_separator type=\u00bbnormal\u00bb up=\u00bb10&#8243; down=\u00bb20&#8243;][vc_column_text]Desde sus comienzos, la Empresa ha empleado siempre innumerables recursos para la investigaci\u00f3n y desarrollo de nuevos materiales y resinas para proponer soluciones espec\u00edficas a sus clientes. Precisamente la permanente renovaci\u00f3n de sus propuestas y el constante empe\u00f1o en la b\u00fasqueda de soluciones nuevas y eficaces es uno de los puntos fuertes de la filosof\u00eda de <strong>Luigi Carnevali S.a.s.<\/strong>[\/vc_column_text][\/vc_column][vc_column width=\u00bb1\/3&#8243; css=\u00bb.vc_custom_1515773028064{padding-right: 2% !important;padding-left: 2% !important;}\u00bb][vc_column_text]<\/p>\n<h4>Servicio de atenci\u00f3n al cliente<\/h4>\n<p>[\/vc_column_text][vc_separator type=\u00bbnormal\u00bb up=\u00bb10&#8243; down=\u00bb20&#8243;][vc_column_text]<strong>Luigi Carnevali S.a.s.<\/strong> se empe\u00f1a para ofrecer a sus clientes un servicio puntual, atento y eficiente: desde una r\u00e1pida gesti\u00f3n del pedido, hasta la asistencia suministrada antes y despu\u00e9s de la venta. La empresa ofrece, adem\u00e1s, la posibilidad de personalizar tejidos y colores para proponer un producto \u00fanico y exclusivo.[\/vc_column_text][\/vc_column][\/vc_row]<\/p>\n<\/div>","protected":false},"excerpt":{"rendered":"<p>[vc_row css_animation=\u00bb\u00bb row_type=\u00bbrow\u00bb use_row_as_full_screen_section=\u00bbno\u00bb type=\u00bbfull_width\u00bb angled_section=\u00bbno\u00bb text_align=\u00bbleft\u00bb background_image_as_pattern=\u00bbwithout_pattern\u00bb css=\u00bb.vc_custom_1607943437394{padding-top: 30px !important;padding-bottom: 30px !important;background-image: url(https:\/\/www.carnevali.it\/wp-content\/uploads\/2018\/01\/luigi-carnevali-servizi.jpg?id=1020) !important;}\u00bb z_index=\u00bb\u00bb background_color=\u00bb\u00bb border_color=\u00bb\u00bb][vc_column][vc_separator type=\u00bbtransparent\u00bb up=\u00bb200&#8243;][vc_separator type=\u00bbtransparent\u00bb down=\u00bb200&#8243;][\/vc_column][\/vc_row][vc_row css_animation=\u00bb\u00bb row_type=\u00bbrow\u00bb use_row_as_full_screen_section=\u00bbno\u00bb type=\u00bbfull_width\u00bb angled_section=\u00bbno\u00bb text_align=\u00bbleft\u00bb background_image_as_pattern=\u00bbwithout_pattern\u00bb css=\u00bb.vc_custom_1517408299995{padding-top: 20px !important;}\u00bb][vc_column][vc_column_text css=\u00bb.vc_custom_1523613455128{padding-right: 20% !important;padding-left: 20% !important;}\u00bb] Elige la calidad &nbsp; La certeza del resultado se origina en la experiencia y la profesionalidad. [\/vc_column_text][\/vc_column][\/vc_row][vc_row css_animation=\u00bb\u00bb row_type=\u00bbrow\u00bb use_row_as_full_screen_section=\u00bbno\u00bb type=\u00bbgrid\u00bb angled_section=\u00bbno\u00bb text_align=\u00bbleft\u00bb background_image_as_pattern=\u00bbwithout_pattern\u00bb css=\u00bb.vc_custom_1515773116939{padding-top: 5% !important;padding-right: 2% !important;padding-bottom: 5% !important;padding-left: 2% !important;}\u00bb][vc_column width=\u00bb1\/3&#8243; css=\u00bb.vc_custom_1515773105647{padding-right: 2% !important;padding-left: 2% !important;}\u00bb][vc_column_text] Puntualidad [\/vc_column_text][vc_separator type=\u00bbnormal\u00bb up=\u00bb10&#8243; down=\u00bb20&#8243;][vc_column_text]Una de las mayores ventajas de Luigi Carnevali S.a.s. es, sin duda, la eficiencia de la log\u00edstica para el env\u00edo de la mercanc\u00eda solicitada desde los propios almacenes. Desde la recepci\u00f3n del pedido o de la solicitud de la muestra por parte del cliente, normalmente no pasan m\u00e1s de 24 horas antes de la gesti\u00f3n y el env\u00edo de dicho pedido a trav\u00e9s de una red global de transportes que se extiende en todo el territorio italiano e internacional.[\/vc_column_text][\/vc_column][vc_column width=\u00bb1\/3&#8243; css=\u00bb.vc_custom_1515773022914{padding-right: 2% !important;padding-left: 2% !important;}\u00bb][vc_column_text] Investigaci\u00f3n y Desarrollo [\/vc_column_text][vc_separator type=\u00bbnormal\u00bb up=\u00bb10&#8243; down=\u00bb20&#8243;][vc_column_text]Desde sus comienzos, la Empresa ha empleado siempre innumerables recursos para la investigaci\u00f3n y desarrollo de nuevos materiales y resinas para proponer soluciones espec\u00edficas a sus clientes. Precisamente la&#8230;<\/p>\n","protected":false},"author":1,"featured_media":0,"parent":0,"menu_order":0,"comment_status":"closed","ping_status":"closed","template":"full_width.php","meta":{"footnotes":""},"class_list":["post-1019","page","type-page","status-publish","hentry"],"_links":{"self":[{"href":"https:\/\/www.carnevali.it\/es\/wp-json\/wp\/v2\/pages\/1019","targetHints":{"allow":["GET"]}}],"collection":[{"href":"https:\/\/www.carnevali.it\/es\/wp-json\/wp\/v2\/pages"}],"about":[{"href":"https:\/\/www.carnevali.it\/es\/wp-json\/wp\/v2\/types\/page"}],"author":[{"embeddable":true,"href":"https:\/\/www.carnevali.it\/es\/wp-json\/wp\/v2\/users\/1"}],"replies":[{"embeddable":true,"href":"https:\/\/www.carnevali.it\/es\/wp-json\/wp\/v2\/comments?post=1019"}],"version-history":[{"count":1,"href":"https:\/\/www.carnevali.it\/es\/wp-json\/wp\/v2\/pages\/1019\/revisions"}],"predecessor-version":[{"id":1877,"href":"https:\/\/www.carnevali.it\/es\/wp-json\/wp\/v2\/pages\/1019\/revisions\/1877"}],"wp:attachment":[{"href":"https:\/\/www.carnevali.it\/es\/wp-json\/wp\/v2\/media?parent=1019"}],"curies":[{"name":"wp","href":"https:\/\/api.w.org\/{rel}","templated":true}]}}