{"id":1031,"date":"2016-11-02T14:00:39","date_gmt":"2016-11-02T14:00:39","guid":{"rendered":"http:\/\/carnevali.comcentrica.it\/prodotti\/"},"modified":"2020-12-16T11:54:35","modified_gmt":"2020-12-16T10:54:35","slug":"productos","status":"publish","type":"page","link":"https:\/\/www.carnevali.it\/es\/productos\/","title":{"rendered":"Productos"},"content":{"rendered":"<div class=\"wpb-content-wrapper\"><p>[vc_row css_animation=\u00bb\u00bb row_type=\u00bbrow\u00bb use_row_as_full_screen_section=\u00bbno\u00bb type=\u00bbgrid\u00bb angled_section=\u00bbno\u00bb text_align=\u00bbleft\u00bb background_image_as_pattern=\u00bbwithout_pattern\u00bb css=\u00bb.vc_custom_1607943863193{padding-top: 30px !important;padding-bottom: 30px !important;background-image: url(https:\/\/www.carnevali.it\/wp-content\/uploads\/2020\/12\/luigi-carnevali-header-1920.jpg?id=1844) !important;}\u00bb z_index=\u00bb\u00bb background_color=\u00bb\u00bb border_color=\u00bb\u00bb][vc_column][vc_separator type=\u00bbtransparent\u00bb up=\u00bb150&#8243; down=\u00bb25&#8243;][vc_column_text]<\/p>\n<h3 style=\"text-align: left;\"><span style=\"color: #ffffff;\">Elige la calidad de Luigi Carnevali.<\/span><br \/>\n<span style=\"color: #ffffff;\">Experiencia y profesionalidad desde hace m\u00e1s de 100 a\u00f1os, <\/span><br \/>\n<span style=\"color: #ffffff;\">para ofrecer continuidad del producto, innovaci\u00f3n y <\/span><br \/>\n<span style=\"color: #ffffff;\">una asistencia global.<\/span><\/h3>\n<p>[\/vc_column_text][vc_separator type=\u00bbtransparent\u00bb up=\u00bb20&#8243; down=\u00bb20&#8243;]<a  itemprop=\"url\" href=\"\/wp-content\/uploads\/2017\/09\/LC_Brochure.pdf\" target=\"_blank\"  class=\"qbutton  medium white default\" style=\"\">DESCARGA NUESTRO FOLLETO<\/a>[vc_separator type=\u00bbtransparent\u00bb up=\u00bb25&#8243; down=\u00bb170&#8243;][\/vc_column][\/vc_row][vc_row css_animation=\u00bb\u00bb row_type=\u00bbrow\u00bb use_row_as_full_screen_section=\u00bbno\u00bb type=\u00bbgrid\u00bb angled_section=\u00bbno\u00bb text_align=\u00bbleft\u00bb background_image_as_pattern=\u00bbwithout_pattern\u00bb css=\u00bb.vc_custom_1515594144613{padding-top: 3% !important;padding-bottom: 3% !important;}\u00bb][vc_column][vc_raw_html]JTNDYSUyMG5hbWUlM0QlMjJtdWplciUyMiUzRSUzQyUyRmElM0U=[\/vc_raw_html][vc_column_text]<\/p>\n<h2>Calzado mujer<\/h2>\n<p>[\/vc_column_text][\/vc_column][\/vc_row][vc_row css_animation=\u00bb\u00bb row_type=\u00bbrow\u00bb use_row_as_full_screen_section=\u00bbno\u00bb type=\u00bbgrid\u00bb angled_section=\u00bbno\u00bb text_align=\u00bbleft\u00bb background_image_as_pattern=\u00bbwithout_pattern\u00bb][vc_column width=\u00bb1\/3&#8243;][vc_single_image image=\u00bb1576&#8243; img_size=\u00bblarge\u00bb qode_css_animation=\u00bb\u00bb][vc_row_inner row_type=\u00bbrow\u00bb type=\u00bbfull_width\u00bb text_align=\u00bbleft\u00bb css_animation=\u00bb\u00bb css=\u00bb.vc_custom_1515594102927{padding-top: 5% !important;padding-right: 3% !important;padding-bottom: 3% !important;padding-left: 3% !important;}\u00bb][vc_column_inner][vc_column_text]<\/p>\n<p align=\"JUSTIFY\"><strong>TELA MM<\/strong>: c\u00e1\u00f1amo cepillado ligero realizado de fibra natural muy suave al tacto, ideal para todo tipo de calzado.<\/p>\n<p>[\/vc_column_text][vc_separator type=\u00bbnormal\u00bb][vc_column_text]<\/p>\n<p align=\"JUSTIFY\"><strong>TELA 17\/17<\/strong>: tela muy ligera propuesta en fibra natural y en fibra mixta para aumentar la resistencia. El termoadhesivo aplicado en este soporte var\u00eda seg\u00fan la piel en la que se aplicar\u00e1.<\/p>\n<p>[\/vc_column_text][vc_separator type=\u00bbnormal\u00bb][vc_column_text]<\/p>\n<p align=\"JUSTIFY\"><strong>TELA 20\/20<\/strong>: tela propuesta en fibra natural y en fibra mixta para aumentar la resistencia. El termoadhesivo aplicado en este soporte var\u00eda seg\u00fan la piel en la que se aplicar\u00e1.<\/p>\n<p>[\/vc_column_text][\/vc_column_inner][\/vc_row_inner][\/vc_column][vc_column width=\u00bb1\/3&#8243;][vc_single_image image=\u00bb1621&#8243; img_size=\u00bblarge\u00bb qode_css_animation=\u00bb\u00bb][vc_row_inner row_type=\u00bbrow\u00bb type=\u00bbfull_width\u00bb text_align=\u00bbleft\u00bb css_animation=\u00bb\u00bb css=\u00bb.vc_custom_1515594102927{padding-top: 5% !important;padding-right: 3% !important;padding-bottom: 3% !important;padding-left: 3% !important;}\u00bb][vc_column_inner][vc_column_text]<\/p>\n<p align=\"JUSTIFY\"><strong>LANA VETRO<\/strong>: tejido no tejido t\u00e9cnico utilizado como resistencia a la rotura econ\u00f3mico, aplicado, por ejemplo, dentro de las tiras de piel de las sandalias.<\/p>\n<p>[\/vc_column_text][vc_separator type=\u00bbnormal\u00bb][vc_column_text]<\/p>\n<p align=\"JUSTIFY\"><strong>NYLON<\/strong>: tejido muy resistente de diferentes espesores, particularmente adecuado para los puntos de rotura, perforaci\u00f3n y desgarro, propuesto como autoadhesivo y tambi\u00e9n como termoadhesivo sobre una o ambas caras del tejido.<\/p>\n<p>[\/vc_column_text][\/vc_column_inner][\/vc_row_inner][\/vc_column][vc_column width=\u00bb1\/3&#8243;][vc_single_image image=\u00bb1600&#8243; img_size=\u00bblarge\u00bb qode_css_animation=\u00bb\u00bb][vc_row_inner row_type=\u00bbrow\u00bb type=\u00bbfull_width\u00bb text_align=\u00bbleft\u00bb css_animation=\u00bb\u00bb css=\u00bb.vc_custom_1515594102927{padding-top: 5% !important;padding-right: 3% !important;padding-bottom: 3% !important;padding-left: 3% !important;}\u00bb][vc_column_inner][vc_column_text]<\/p>\n<p align=\"JUSTIFY\"><strong>VIRGO<\/strong>: producto tradicional perfecto para curvar la parte delantera del calzado como botas, evitando que la piel en esta zona presentes defectos.<\/p>\n<p>[\/vc_column_text][vc_separator type=\u00bbnormal\u00bb][vc_column_text]<\/p>\n<p align=\"JUSTIFY\"><strong>JERSEY<\/strong>: jersey de nueva concepci\u00f3n, de fibra sint\u00e9tica, utilizado para curvar pieles muy blandas y refinadas.<\/p>\n<p>[\/vc_column_text][\/vc_column_inner][\/vc_row_inner][\/vc_column][\/vc_row][vc_row css_animation=\u00bb\u00bb row_type=\u00bbrow\u00bb use_row_as_full_screen_section=\u00bbno\u00bb type=\u00bbgrid\u00bb angled_section=\u00bbno\u00bb text_align=\u00bbleft\u00bb background_image_as_pattern=\u00bbwithout_pattern\u00bb css=\u00bb.vc_custom_1515594144613{padding-top: 3% !important;padding-bottom: 3% !important;}\u00bb][vc_column][vc_raw_html]JTNDYSUyMG5hbWUlM0QlMjJob21icmUlMjIlM0UlM0MlMkZhJTNF[\/vc_raw_html][vc_column_text]<\/p>\n<h2>Calzado hombre<\/h2>\n<p>[\/vc_column_text][\/vc_column][\/vc_row][vc_row css_animation=\u00bb\u00bb row_type=\u00bbrow\u00bb use_row_as_full_screen_section=\u00bbno\u00bb type=\u00bbgrid\u00bb angled_section=\u00bbno\u00bb text_align=\u00bbleft\u00bb background_image_as_pattern=\u00bbwithout_pattern\u00bb][vc_column width=\u00bb1\/3&#8243;][vc_single_image image=\u00bb1594&#8243; img_size=\u00bblarge\u00bb qode_css_animation=\u00bb\u00bb][vc_row_inner row_type=\u00bbrow\u00bb type=\u00bbfull_width\u00bb text_align=\u00bbleft\u00bb css_animation=\u00bb\u00bb css=\u00bb.vc_custom_1515594102927{padding-top: 5% !important;padding-right: 3% !important;padding-bottom: 3% !important;padding-left: 3% !important;}\u00bb][vc_column_inner][vc_column_text]<\/p>\n<p align=\"JUSTIFY\"><strong>NYLON<\/strong>: tejido muy resistente de diferentes espesores, particularmente adecuado para los puntos de rotura, perforaci\u00f3n y desgarro, propuesto como autoadhesivo y tambi\u00e9n como termoadhesivo sobre una o ambas caras del tejido.<\/p>\n<p>[\/vc_column_text][vc_separator type=\u00bbnormal\u00bb][vc_column_text]<\/p>\n<p align=\"JUSTIFY\"><strong>OSLO<\/strong>:\u00a0espuma de poliuretano con memoria si se somete a presi\u00f3n. Adecuado, en calzado, aplicado entre la plantilla y la suela.<\/p>\n<p>[\/vc_column_text][\/vc_column_inner][\/vc_row_inner][\/vc_column][vc_column width=\u00bb1\/3&#8243;][vc_single_image image=\u00bb1588&#8243; img_size=\u00bblarge\u00bb qode_css_animation=\u00bb\u00bb][vc_row_inner row_type=\u00bbrow\u00bb type=\u00bbfull_width\u00bb text_align=\u00bbleft\u00bb css_animation=\u00bb\u00bb css=\u00bb.vc_custom_1515594102927{padding-top: 5% !important;padding-right: 3% !important;padding-bottom: 3% !important;padding-left: 3% !important;}\u00bb][vc_column_inner][vc_column_text]<\/p>\n<p align=\"JUSTIFY\"><strong>CANAPINA<\/strong>: entretela de tejido de fibra natural.<\/p>\n<p>[\/vc_column_text][vc_separator type=\u00bbnormal\u00bb][vc_column_text]<\/p>\n<p align=\"JUSTIFY\"><strong>T.N.T. SPES EXTRA<\/strong>: entretela para calzado propuesto en espesores y colores diferentes.<\/p>\n<p>[\/vc_column_text][vc_separator type=\u00bbnormal\u00bb][vc_column_text]<\/p>\n<p align=\"JUSTIFY\"><strong>T.N.T. SOFT BREAK<\/strong>: antideslizante muy econ\u00f3mico utilizado para calzado que no requiere resistencia especial a la abrasi\u00f3n.<\/p>\n<p>[\/vc_column_text][vc_separator type=\u00bbnormal\u00bb][vc_column_text]<\/p>\n<p align=\"JUSTIFY\"><strong>T.N.T. PD<\/strong>: tejido no tejido econ\u00f3mico, muy difundido para reforzar algunos detalles en el interior del empeine. Propuesto en diferentes gramajes y, por consiguiente, en diferentes espesores.<\/p>\n<p>[\/vc_column_text][\/vc_column_inner][\/vc_row_inner][\/vc_column][vc_column width=\u00bb1\/3&#8243;][vc_single_image image=\u00bb1582&#8243; img_size=\u00bblarge\u00bb qode_css_animation=\u00bb\u00bb][vc_row_inner row_type=\u00bbrow\u00bb type=\u00bbfull_width\u00bb text_align=\u00bbleft\u00bb css_animation=\u00bb\u00bb css=\u00bb.vc_custom_1515594102927{padding-top: 5% !important;padding-right: 3% !important;padding-bottom: 3% !important;padding-left: 3% !important;}\u00bb][vc_column_inner][vc_column_text]<\/p>\n<p align=\"JUSTIFY\"><strong>NYLON<\/strong>: tejido muy resistente de diferentes espesores, particularmente adecuado para los puntos de rotura, perforaci\u00f3n y desgarro, propuesto como autoadhesivo y tambi\u00e9n como termoadhesivo sobre una o ambas caras del tejido.<\/p>\n<p>[\/vc_column_text][vc_separator type=\u00bbnormal\u00bb][vc_column_text]<\/p>\n<p align=\"JUSTIFY\"><strong>OSLO<\/strong>: espuma de poliuretano con memoria si se somete a presi\u00f3n. Adecuado, en calzado, aplicado entre la plantilla y la suela.<\/p>\n<p>[\/vc_column_text][vc_separator type=\u00bbnormal\u00bb][vc_column_text]<\/p>\n<p align=\"JUSTIFY\"><strong>RASO COTONE<\/strong>: tejido de fibra natural adecuado para calzado que requiere un refuerzo resistente.<\/p>\n<p>[\/vc_column_text][\/vc_column_inner][\/vc_row_inner][\/vc_column][\/vc_row][vc_row css_animation=\u00bb\u00bb row_type=\u00bbrow\u00bb use_row_as_full_screen_section=\u00bbno\u00bb type=\u00bbgrid\u00bb angled_section=\u00bbno\u00bb text_align=\u00bbleft\u00bb background_image_as_pattern=\u00bbwithout_pattern\u00bb css=\u00bb.vc_custom_1515594144613{padding-top: 3% !important;padding-bottom: 3% !important;}\u00bb][vc_column][vc_raw_html]JTNDYSUyMG5hbWUlM0QlMjJtYXJyb3F1aW5lcmlhJTIyJTNFJTNDJTJGYSUzRQ==[\/vc_raw_html][vc_column_text]<\/p>\n<h2>Marroquiner\u00eda<\/h2>\n<p>[\/vc_column_text][\/vc_column][\/vc_row][vc_row css_animation=\u00bb\u00bb row_type=\u00bbrow\u00bb use_row_as_full_screen_section=\u00bbno\u00bb type=\u00bbgrid\u00bb angled_section=\u00bbno\u00bb text_align=\u00bbleft\u00bb background_image_as_pattern=\u00bbwithout_pattern\u00bb][vc_column width=\u00bb1\/3&#8243;][vc_single_image image=\u00bb1606&#8243; img_size=\u00bblarge\u00bb qode_css_animation=\u00bb\u00bb][vc_row_inner row_type=\u00bbrow\u00bb type=\u00bbfull_width\u00bb text_align=\u00bbleft\u00bb css_animation=\u00bb\u00bb css=\u00bb.vc_custom_1515594102927{padding-top: 5% !important;padding-right: 3% !important;padding-bottom: 3% !important;padding-left: 3% !important;}\u00bb][vc_column_inner][vc_column_text]<\/p>\n<p align=\"JUSTIFY\"><strong>TOP<\/strong>: tejido no tejido utilizado como entretela para marroquiner\u00eda ya que proporciona suavidad al tacto. Utilizado como alternativa a la microfibra cl\u00e1sica, se propone en diferentes espesores y con un termoadhesivo que act\u00faa a bajas temperaturas (nuestro termoadhesivo con papel 7F) estudiado espec\u00edficamente para el encolado de pieles refinadas.<\/p>\n<p>[\/vc_column_text][vc_separator type=\u00bbnormal\u00bb][vc_column_text]<\/p>\n<p align=\"JUSTIFY\"><strong>BRIO<\/strong>: tejido no tejido utilizado en marroquiner\u00eda como entretela para bases, asas o paneles laterales de bolsos.<\/p>\n<p>[\/vc_column_text][vc_separator type=\u00bbnormal\u00bb][vc_column_text]<\/p>\n<p align=\"JUSTIFY\"><strong>T.N.T. MICROFIBRA<\/strong>: tejido no tejido utilizado como entretela para pieles, utilizado en marroquiner\u00eda, propuesto en espesores que van desde 0,3 mm hasta 2 mm.<\/p>\n<p>[\/vc_column_text][vc_separator type=\u00bbnormal\u00bb][vc_column_text]<\/p>\n<p align=\"JUSTIFY\"><strong>MAYO<\/strong>:\u00a0microfibra r\u00edgida al tacto utilizada como entretela r\u00edgida para modelos de bolsos que exigen mayor rigidez.<\/p>\n<p>[\/vc_column_text][\/vc_column_inner][\/vc_row_inner][\/vc_column][vc_column width=\u00bb1\/3&#8243;][vc_single_image image=\u00bb1552&#8243; img_size=\u00bblarge\u00bb qode_css_animation=\u00bb\u00bb][vc_row_inner row_type=\u00bbrow\u00bb type=\u00bbfull_width\u00bb text_align=\u00bbleft\u00bb css_animation=\u00bb\u00bb css=\u00bb.vc_custom_1515594102927{padding-top: 5% !important;padding-right: 3% !important;padding-bottom: 3% !important;padding-left: 3% !important;}\u00bb][vc_column_inner][vc_column_text]<\/p>\n<p align=\"JUSTIFY\"><strong>NYLON<\/strong>:\u00a0tejido muy resistente de diferentes espesores, particularmente adecuado para los puntos de rotura, perforaci\u00f3n y desgarro, propuesto como adhesivo y tambi\u00e9n termoadhesivo sobre una o ambas caras del tejido.<\/p>\n<p>[\/vc_column_text][vc_separator type=\u00bbnormal\u00bb][vc_column_text]<\/p>\n<p align=\"JUSTIFY\"><strong>CANAPINA SPECIAL<\/strong>:\u00a0entretela de tejido realizado de fibra natural.<\/p>\n<p>[\/vc_column_text][vc_separator type=\u00bbnormal\u00bb][vc_column_text]<\/p>\n<p align=\"JUSTIFY\"><strong>T.N.T. MICRO SUEDE<\/strong>:\u00a0tejido no tejido con una fibra m\u00e1s refinada que la microfibra b\u00e1sica, de la que difiere porque es m\u00e1s suave y armonioso.<\/p>\n<p align=\"JUSTIFY\">.<\/p>\n<p>[\/vc_column_text][vc_separator type=\u00bbnormal\u00bb][vc_column_text]<\/p>\n<p align=\"JUSTIFY\"><strong>OSLO<\/strong>: espuma de poliuretano con memoria si se somete a presi\u00f3n, en marroquiner\u00eda generalmente se emplea para bolsos acolchadas.<\/p>\n<p>[\/vc_column_text][\/vc_column_inner][\/vc_row_inner][\/vc_column][vc_column width=\u00bb1\/3&#8243;][vc_single_image image=\u00bb1564&#8243; img_size=\u00bblarge\u00bb qode_css_animation=\u00bb\u00bb][vc_row_inner row_type=\u00bbrow\u00bb type=\u00bbfull_width\u00bb text_align=\u00bbleft\u00bb css_animation=\u00bb\u00bb css=\u00bb.vc_custom_1515594102927{padding-top: 5% !important;padding-right: 3% !important;padding-bottom: 3% !important;padding-left: 3% !important;}\u00bb][vc_column_inner][vc_column_text]<\/p>\n<p align=\"JUSTIFY\"><strong>BALI<\/strong>:\u00a0entretela de E.V.A. muy vers\u00e1til utilizado como relleno para acolchados de bolsos o complementos de piel.<\/p>\n<p>[\/vc_column_text][vc_separator type=\u00bbnormal\u00bb][vc_column_text]<\/p>\n<p align=\"JUSTIFY\"><strong>SABA<\/strong>: art\u00edculo para marroquiner\u00eda de goma vulcanizada, estudiado para bolsos realizadas de tejido y de pieles ligeras, brinda al mismo tiempo densidad y suavidad al tacto. Disponible tambi\u00e9n en la versi\u00f3n termoadhesiva.<\/p>\n<p>[\/vc_column_text][vc_separator type=\u00bbnormal\u00bb][vc_column_text]<\/p>\n<p align=\"JUSTIFY\"><strong>NIZZA<\/strong>:\u00a0art\u00edculo de E.V.A. mixta goma para acolchado, utilizado para dar cuerpo y soporte a las correas de las mochilas.<\/p>\n<p>[\/vc_column_text][\/vc_column_inner][\/vc_row_inner][\/vc_column][\/vc_row][vc_row css_animation=\u00bb\u00bb row_type=\u00bbrow\u00bb use_row_as_full_screen_section=\u00bbno\u00bb type=\u00bbgrid\u00bb angled_section=\u00bbno\u00bb text_align=\u00bbleft\u00bb background_image_as_pattern=\u00bbwithout_pattern\u00bb css=\u00bb.vc_custom_1515594144613{padding-top: 3% !important;padding-bottom: 3% !important;}\u00bb][vc_column][vc_raw_html]JTNDYSUyMG5hbWUlM0QlMjJwcmVuZGFzZGV2ZXN0aXIlMjIlM0UlM0MlMkZhJTNF[\/vc_raw_html][vc_column_text]<\/p>\n<h2>Prendas de vestir<\/h2>\n<p>[\/vc_column_text][\/vc_column][\/vc_row][vc_row css_animation=\u00bb\u00bb row_type=\u00bbrow\u00bb use_row_as_full_screen_section=\u00bbno\u00bb type=\u00bbgrid\u00bb angled_section=\u00bbno\u00bb text_align=\u00bbleft\u00bb background_image_as_pattern=\u00bbwithout_pattern\u00bb css=\u00bb.vc_custom_1519643542162{padding-bottom: 20px !important;}\u00bb][vc_column width=\u00bb1\/3&#8243;][vc_single_image image=\u00bb1546&#8243; img_size=\u00bblarge\u00bb qode_css_animation=\u00bb\u00bb][vc_row_inner row_type=\u00bbrow\u00bb type=\u00bbfull_width\u00bb text_align=\u00bbleft\u00bb css_animation=\u00bb\u00bb css=\u00bb.vc_custom_1515594102927{padding-top: 5% !important;padding-right: 3% !important;padding-bottom: 3% !important;padding-left: 3% !important;}\u00bb][vc_column_inner][vc_column_text]<\/p>\n<p align=\"JUSTIFY\"><strong>TELA 17\/17<\/strong>:\u00a0tela muy ligera propuesta en fibra natural y en fibra mixta para aumentar la resistencia. El termoadhesivo aplicado en este soporte var\u00eda seg\u00fan la piel en la que se aplicar\u00e1.<\/p>\n<p>[\/vc_column_text][vc_separator type=\u00bbnormal\u00bb][vc_column_text]<\/p>\n<p align=\"JUSTIFY\"><strong>MAGLINA<\/strong>:\u00a0tejido sint\u00e9tico, muy ligero id\u00f3neo para dar estructura y cuerpo al MTP presente en el interior de la estructura de algunos modelos de bolsos.<\/p>\n<p>[\/vc_column_text][vc_separator type=\u00bbnormal\u00bb][vc_column_text]<\/p>\n<p align=\"JUSTIFY\"><strong>GUTTAPERGA G 29 L-M-P<\/strong>: tela de refuerzo propuesta en tres gramajes diferentes con un termoadhesivo muy vers\u00e1til id\u00f3neo para pieles no grasas.<\/p>\n<p>[\/vc_column_text][\/vc_column_inner][\/vc_row_inner][\/vc_column][vc_column width=\u00bb1\/3&#8243;][vc_single_image image=\u00bb1558&#8243; img_size=\u00bblarge\u00bb qode_css_animation=\u00bb\u00bb][vc_row_inner row_type=\u00bbrow\u00bb type=\u00bbfull_width\u00bb text_align=\u00bbleft\u00bb css_animation=\u00bb\u00bb css=\u00bb.vc_custom_1515594102927{padding-top: 5% !important;padding-right: 3% !important;padding-bottom: 3% !important;padding-left: 3% !important;}\u00bb][vc_column_inner][vc_column_text]<\/p>\n<p align=\"JUSTIFY\">Se propone una vasta gama de art\u00edculos para la elaboraci\u00f3n de piel y de tejido con la Marca <a href=\"http:\/\/www.resinoll.it\/\" target=\"_blank\" rel=\"noopener\">Resinoll C.&amp;M. S.r.l.<\/a><\/p>\n<p>[\/vc_column_text][\/vc_column_inner][\/vc_row_inner][\/vc_column][vc_column width=\u00bb1\/3&#8243;][\/vc_column][\/vc_row][vc_row css_animation=\u00bb\u00bb row_type=\u00bbrow\u00bb use_row_as_full_screen_section=\u00bbno\u00bb type=\u00bbfull_width\u00bb angled_section=\u00bbno\u00bb text_align=\u00bbleft\u00bb background_image_as_pattern=\u00bbwithout_pattern\u00bb][vc_column][\/vc_column][\/vc_row]<\/p>\n<\/div>","protected":false},"excerpt":{"rendered":"<p>[vc_row css_animation=\u00bb\u00bb row_type=\u00bbrow\u00bb use_row_as_full_screen_section=\u00bbno\u00bb type=\u00bbgrid\u00bb angled_section=\u00bbno\u00bb text_align=\u00bbleft\u00bb background_image_as_pattern=\u00bbwithout_pattern\u00bb css=\u00bb.vc_custom_1607943863193{padding-top: 30px !important;padding-bottom: 30px !important;background-image: url(https:\/\/www.carnevali.it\/wp-content\/uploads\/2020\/12\/luigi-carnevali-header-1920.jpg?id=1844) !important;}\u00bb z_index=\u00bb\u00bb background_color=\u00bb\u00bb border_color=\u00bb\u00bb][vc_column][vc_separator type=\u00bbtransparent\u00bb up=\u00bb150&#8243; down=\u00bb25&#8243;][vc_column_text] Elige la calidad de Luigi Carnevali. Experiencia y profesionalidad desde hace m\u00e1s de 100 a\u00f1os, para ofrecer continuidad del producto, innovaci\u00f3n y una asistencia global. [\/vc_column_text][vc_separator type=\u00bbtransparent\u00bb up=\u00bb20&#8243; down=\u00bb20&#8243;][vc_separator type=\u00bbtransparent\u00bb up=\u00bb25&#8243; down=\u00bb170&#8243;][\/vc_column][\/vc_row][vc_row css_animation=\u00bb\u00bb row_type=\u00bbrow\u00bb use_row_as_full_screen_section=\u00bbno\u00bb type=\u00bbgrid\u00bb angled_section=\u00bbno\u00bb text_align=\u00bbleft\u00bb background_image_as_pattern=\u00bbwithout_pattern\u00bb css=\u00bb.vc_custom_1515594144613{padding-top: 3% !important;padding-bottom: 3% !important;}\u00bb][vc_column][vc_raw_html]JTNDYSUyMG5hbWUlM0QlMjJtdWplciUyMiUzRSUzQyUyRmElM0U=[\/vc_raw_html][vc_column_text] Calzado mujer [\/vc_column_text][\/vc_column][\/vc_row][vc_row css_animation=\u00bb\u00bb row_type=\u00bbrow\u00bb use_row_as_full_screen_section=\u00bbno\u00bb type=\u00bbgrid\u00bb angled_section=\u00bbno\u00bb text_align=\u00bbleft\u00bb background_image_as_pattern=\u00bbwithout_pattern\u00bb][vc_column width=\u00bb1\/3&#8243;][vc_single_image image=\u00bb1576&#8243; img_size=\u00bblarge\u00bb qode_css_animation=\u00bb\u00bb][vc_row_inner row_type=\u00bbrow\u00bb type=\u00bbfull_width\u00bb text_align=\u00bbleft\u00bb css_animation=\u00bb\u00bb css=\u00bb.vc_custom_1515594102927{padding-top: 5% !important;padding-right: 3% !important;padding-bottom: 3% !important;padding-left: 3% !important;}\u00bb][vc_column_inner][vc_column_text] TELA MM: c\u00e1\u00f1amo cepillado ligero realizado de fibra natural muy suave al tacto, ideal para todo tipo de calzado. [\/vc_column_text][vc_separator type=\u00bbnormal\u00bb][vc_column_text] TELA 17\/17: tela muy ligera propuesta en fibra natural y en fibra mixta para aumentar la resistencia. El termoadhesivo aplicado en este soporte var\u00eda seg\u00fan la piel en la que se aplicar\u00e1. [\/vc_column_text][vc_separator type=\u00bbnormal\u00bb][vc_column_text] TELA 20\/20: tela propuesta en fibra natural y en fibra mixta para aumentar la resistencia. El termoadhesivo aplicado en este soporte var\u00eda seg\u00fan la piel en la que se aplicar\u00e1. [\/vc_column_text][\/vc_column_inner][\/vc_row_inner][\/vc_column][vc_column width=\u00bb1\/3&#8243;][vc_single_image image=\u00bb1621&#8243; img_size=\u00bblarge\u00bb qode_css_animation=\u00bb\u00bb][vc_row_inner row_type=\u00bbrow\u00bb type=\u00bbfull_width\u00bb text_align=\u00bbleft\u00bb css_animation=\u00bb\u00bb css=\u00bb.vc_custom_1515594102927{padding-top: 5% !important;padding-right: 3% !important;padding-bottom: 3% !important;padding-left: 3% !important;}\u00bb][vc_column_inner][vc_column_text] LANA VETRO: tejido no tejido&#8230;<\/p>\n","protected":false},"author":1,"featured_media":0,"parent":0,"menu_order":0,"comment_status":"closed","ping_status":"closed","template":"full_width.php","meta":{"footnotes":""},"class_list":["post-1031","page","type-page","status-publish","hentry"],"_links":{"self":[{"href":"https:\/\/www.carnevali.it\/es\/wp-json\/wp\/v2\/pages\/1031","targetHints":{"allow":["GET"]}}],"collection":[{"href":"https:\/\/www.carnevali.it\/es\/wp-json\/wp\/v2\/pages"}],"about":[{"href":"https:\/\/www.carnevali.it\/es\/wp-json\/wp\/v2\/types\/page"}],"author":[{"embeddable":true,"href":"https:\/\/www.carnevali.it\/es\/wp-json\/wp\/v2\/users\/1"}],"replies":[{"embeddable":true,"href":"https:\/\/www.carnevali.it\/es\/wp-json\/wp\/v2\/comments?post=1031"}],"version-history":[{"count":1,"href":"https:\/\/www.carnevali.it\/es\/wp-json\/wp\/v2\/pages\/1031\/revisions"}],"predecessor-version":[{"id":1885,"href":"https:\/\/www.carnevali.it\/es\/wp-json\/wp\/v2\/pages\/1031\/revisions\/1885"}],"wp:attachment":[{"href":"https:\/\/www.carnevali.it\/es\/wp-json\/wp\/v2\/media?parent=1031"}],"curies":[{"name":"wp","href":"https:\/\/api.w.org\/{rel}","templated":true}]}}