{"id":987,"date":"2017-09-18T07:33:10","date_gmt":"2017-09-18T05:33:10","guid":{"rendered":"http:\/\/carnevali.comcentrica.it\/home\/"},"modified":"2020-12-16T11:26:21","modified_gmt":"2020-12-16T10:26:21","slug":"home","status":"publish","type":"page","link":"https:\/\/www.carnevali.it\/es\/","title":{"rendered":"Home"},"content":{"rendered":"<div class=\"wpb-content-wrapper\"><p>[vc_row css_animation=\u00bb\u00bb row_type=\u00bbrow\u00bb use_row_as_full_screen_section=\u00bbyes\u00bb type=\u00bbfull_width\u00bb angled_section=\u00bbno\u00bb text_align=\u00bbleft\u00bb background_image_as_pattern=\u00bbwithout_pattern\u00bb css=\u00bb.vc_custom_1607941812667{background-image: url(https:\/\/www.carnevali.it\/wp-content\/uploads\/2020\/12\/luigi-carnevali-header-1920.jpg?id=1844) !important;background-position: center !important;background-repeat: no-repeat !important;background-size: cover !important;}\u00bb z_index=\u00bb\u00bb background_color=\u00bb\u00bb border_color=\u00bb\u00bb][vc_column css=\u00bb.vc_custom_1518781005139{padding-top: 5% !important;padding-bottom: 5% !important;}\u00bb][vc_row_inner row_type=\u00bbrow\u00bb type=\u00bbgrid\u00bb text_align=\u00bbleft\u00bb css_animation=\u00bb\u00bb css=\u00bb.vc_custom_1518781115932{padding-right: 10% !important;padding-left: 10% !important;}\u00bb][vc_column_inner][vc_column_text css=\u00bb.vc_custom_1523606964150{padding-top: 7% !important;padding-bottom: 5% !important;}\u00bb]<\/p>\n<h1><span style=\"color: #ffffff;\">Tenemos el secreto para<br \/>\nmantenerlos en forma.<\/span><\/h1>\n<p>[\/vc_column_text][vc_column_text css=\u00bb.vc_custom_1523607008975{padding-right: 45% !important;}\u00bb]<\/p>\n<h4><span style=\"color: #ffffff;\">Desde 1908 el nombre Luigi Carnevali es sin\u00f3nimo de calidad, fiabilidad y seriedad en la producci\u00f3n de entretela auto y termo adhesiva para calzado, marroquiner\u00eda y prendas de piel.<\/span><br \/>\n<span style=\"color: #ffffff;\"> Desde 2017, despu\u00e9s de la fusi\u00f3n con la Filial<\/span><br \/>\n<span style=\"color: #c5aba5;\"><a style=\"color: #c5aba5;\" href=\"http:\/\/www.resinoll.it\/\" target=\"_blank\" rel=\"noopener\">Resinoll C.&amp;M. S.r.l.<\/a><\/span><span style=\"color: #ffffff;\"> Luigi Carnevali S.a.s. ha extendido su propuesta al sector de las prendas de vestir.<\/span><\/h4>\n<p>[\/vc_column_text][vc_empty_space height=\u00bb50px\u00bb]<a  itemprop=\"url\" href=\"\/es\/productos\/\" target=\"_self\"  class=\"qbutton  white default\" style=\"margin: 0 6px 6px 0; \">Los productos<\/a>[\/vc_column_inner][\/vc_row_inner][\/vc_column][\/vc_row][vc_row css_animation=\u00bb\u00bb row_type=\u00bbrow\u00bb use_row_as_full_screen_section=\u00bbno\u00bb type=\u00bbgrid\u00bb angled_section=\u00bbno\u00bb text_align=\u00bbcenter\u00bb background_image_as_pattern=\u00bbwithout_pattern\u00bb][vc_column][qode_elements_holder number_of_columns=\u00bbfour_columns\u00bb][qode_elements_holder_item vertical_alignment=\u00bbtop\u00bb advanced_animations=\u00bbno\u00bb background_image=\u00bb319&#8243;][vc_empty_space height=\u00bb222px\u00bb][vc_column_text]<\/p>\n<h2 style=\"text-align: center;\"><span style=\"color: #003b5e;\">Nuestra<br \/>\nempresa<\/span><\/h2>\n<p>[\/vc_column_text][vc_empty_space height=\u00bb220px\u00bb]<a  itemprop=\"url\" href=\"\/es\/empresa\/\" target=\"_self\"  class=\"qbutton  white default\" style=\"\">Descubre<\/a>[vc_empty_space][\/qode_elements_holder_item][qode_elements_holder_item vertical_alignment=\u00bbtop\u00bb advanced_animations=\u00bbno\u00bb background_color=\u00bb#ffffff\u00bb][vc_single_image image=\u00bb995&#8243; img_size=\u00bbmedium\u00bb alignment=\u00bbcenter\u00bb qode_css_animation=\u00bb\u00bb][vc_empty_space height=\u00bb25px\u00bb][vc_column_text]<\/p>\n<h2 class=\"qode-info-card-title\" style=\"text-align: center;\">Calzado<\/h2>\n<p>[\/vc_column_text][vc_empty_space height=\u00bb25px\u00bb][vc_column_text css=\u00bb.vc_custom_1523608246862{padding-right: 2% !important;padding-left: 2% !important;}\u00bb]<\/p>\n<p style=\"text-align: center;\">Termoadhesivo para calzado, para mejorar la calidad de las pieles y mantener el dise\u00f1o inalterado. Entretela termo y autoadhesiva para reforzar el calzado de piel, de tejido y sint\u00e9tico.<\/p>\n<p>[\/vc_column_text][vc_empty_space height=\u00bb44px\u00bb]<a  itemprop=\"url\" href=\"\/es\/productos#mujer\" target=\"_self\"  class=\"qbutton  default\" style=\"\">descubre<\/a>[vc_empty_space][\/qode_elements_holder_item][qode_elements_holder_item vertical_alignment=\u00bbtop\u00bb advanced_animations=\u00bbno\u00bb background_color=\u00bb#ffffff\u00bb][vc_single_image image=\u00bb994&#8243; img_size=\u00bbmedium\u00bb alignment=\u00bbcenter\u00bb qode_css_animation=\u00bb\u00bb][vc_empty_space height=\u00bb25px\u00bb][vc_column_text]<\/p>\n<h2 class=\"qode-info-card-title\" style=\"text-align: center;\">Marroquiner\u00eda<\/h2>\n<p>[\/vc_column_text][vc_empty_space height=\u00bb25px\u00bb][vc_column_text css=\u00bb.vc_custom_1523608361643{padding-right: 2% !important;padding-left: 2% !important;}\u00bb]<\/p>\n<p style=\"text-align: center;\">Productos espec\u00edficamente creados para reforzar la marroquiner\u00eda y los complementos de moda de piel<\/p>\n<p>[\/vc_column_text][vc_empty_space height=\u00bb44px\u00bb]<a  itemprop=\"url\" href=\"\/es\/productos\/#marroquineria\" target=\"_self\"  class=\"qbutton  default\" style=\"\">Descubre<\/a>[vc_empty_space][\/qode_elements_holder_item][qode_elements_holder_item vertical_alignment=\u00bbtop\u00bb advanced_animations=\u00bbno\u00bb background_color=\u00bb#ffffff\u00bb][vc_single_image image=\u00bb996&#8243; img_size=\u00bbmedium\u00bb alignment=\u00bbcenter\u00bb qode_css_animation=\u00bb\u00bb][vc_empty_space height=\u00bb25px\u00bb][vc_column_text]<\/p>\n<h2 class=\"qode-info-card-title\" style=\"text-align: center;\">Prendas de vestir<\/h2>\n<p>[\/vc_column_text][vc_empty_space height=\u00bb25px\u00bb][vc_column_text css=\u00bb.vc_custom_1523608451603{padding-right: 2% !important;padding-left: 2% !important;}\u00bb]<\/p>\n<p style=\"text-align: center;\">Para reforzar las prendas de piel, desde los pantalones cl\u00e1sicos e informales, hasta las chaquetas Termo y autoadhesiva para reforzar las prendas de piel y tejido: de los pantalones cl\u00e1sicos e informales hasta las chaquetas, los tejidos ligeros y los t\u00e9cnicos.<\/p>\n<p>[\/vc_column_text][vc_empty_space height=\u00bb44px\u00bb]<a  itemprop=\"url\" href=\"\/es\/productos\/#prendasdevestir\" target=\"_self\"  class=\"qbutton  default\" style=\"\">Descubre<\/a>[vc_empty_space][\/qode_elements_holder_item][\/qode_elements_holder][\/vc_column][\/vc_row][vc_row css_animation=\u00bb\u00bb row_type=\u00bbrow\u00bb use_row_as_full_screen_section=\u00bbno\u00bb type=\u00bbgrid\u00bb angled_section=\u00bbno\u00bb text_align=\u00bbcenter\u00bb background_image_as_pattern=\u00bbwithout_pattern\u00bb css=\u00bb.vc_custom_1472637221526{padding-top: 58px !important;}\u00bb][vc_column offset=\u00bbvc_col-lg-6 vc_col-md-6&#8243;][vc_empty_space height=\u00bb70px\u00bb][vc_column_text]<\/p>\n<h2>Calidad y servicio<\/h2>\n<p>[\/vc_column_text][vc_empty_space height=\u00bb30px\u00bb][vc_column_text]<\/p>\n<p class=\"p1\"><b>Gracias a la constante investigaci\u00f3n de los art\u00edculos innovadores, la red global de venta y asistencia y la calidad de sus productos, la empresa ofrece a sus clientes italianos y extranjeros un servicio r\u00e1pido, puntual, atento y exclusivo.<\/b><\/p>\n<p>[\/vc_column_text][vc_empty_space height=\u00bb50px\u00bb]<a  itemprop=\"url\" href=\"\/es\/servicios\/\" target=\"_self\"  class=\"qbutton  default\" style=\"\">Servicios<\/a>[vc_empty_space height=\u00bb51px\u00bb][\/vc_column][vc_column width=\u00bb5\/6&#8243; offset=\u00bbvc_col-lg-offset-0 vc_col-lg-6 vc_col-md-offset-0 vc_col-md-6 vc_col-sm-offset-1&#8243;][vc_single_image image=\u00bb1000&#8243; img_size=\u00bbfull\u00bb alignment=\u00bbcenter\u00bb qode_css_animation=\u00bb\u00bb][\/vc_column][\/vc_row][vc_row css_animation=\u00bb\u00bb row_type=\u00bbrow\u00bb use_row_as_full_screen_section=\u00bbno\u00bb type=\u00bbfull_width\u00bb angled_section=\u00bbno\u00bb text_align=\u00bbcenter\u00bb background_image_as_pattern=\u00bbwithout_pattern\u00bb css=\u00bb.vc_custom_1607941446067{background-image: url(https:\/\/www.carnevali.it\/wp-content\/uploads\/2017\/09\/carnevali-bkg-blu.jpg?id=1001) !important;background-position: center !important;background-repeat: no-repeat !important;background-size: cover !important;}\u00bb el_class=\u00bbqode-lower-section-z-index\u00bb z_index=\u00bb\u00bb][vc_column css=\u00bb.vc_custom_1481540011171{padding-top: 67px !important;padding-bottom: 106px !important;}\u00bb][vc_empty_space height=\u00bb78px\u00bb][vc_column_text]<\/p>\n<h2><span style=\"color: #ffffff;\">Desde hace m\u00e1s de 100 a\u00f1os l\u00edder en calidad<\/span><\/h2>\n<p>[\/vc_column_text][vc_empty_space height=\u00bb19px\u00bb][vc_column_text]<\/p>\n<h3><span style=\"color: #ffffff;\">La seguridad del resultado nace de la experiencia y de la profesionalidad.<\/span><\/h3>\n<p>[\/vc_column_text][vc_empty_space height=\u00bb70px\u00bb][\/vc_column][\/vc_row]<\/p>\n<\/div>","protected":false},"excerpt":{"rendered":"<p>[vc_row css_animation=\u00bb\u00bb row_type=\u00bbrow\u00bb use_row_as_full_screen_section=\u00bbyes\u00bb type=\u00bbfull_width\u00bb angled_section=\u00bbno\u00bb text_align=\u00bbleft\u00bb background_image_as_pattern=\u00bbwithout_pattern\u00bb css=\u00bb.vc_custom_1607941812667{background-image: url(https:\/\/www.carnevali.it\/wp-content\/uploads\/2020\/12\/luigi-carnevali-header-1920.jpg?id=1844) !important;background-position: center !important;background-repeat: no-repeat !important;background-size: cover !important;}\u00bb z_index=\u00bb\u00bb background_color=\u00bb\u00bb border_color=\u00bb\u00bb][vc_column css=\u00bb.vc_custom_1518781005139{padding-top: 5% !important;padding-bottom: 5% !important;}\u00bb][vc_row_inner row_type=\u00bbrow\u00bb type=\u00bbgrid\u00bb text_align=\u00bbleft\u00bb css_animation=\u00bb\u00bb css=\u00bb.vc_custom_1518781115932{padding-right: 10% !important;padding-left: 10% !important;}\u00bb][vc_column_inner][vc_column_text css=\u00bb.vc_custom_1523606964150{padding-top: 7% !important;padding-bottom: 5% !important;}\u00bb] Tenemos el secreto para mantenerlos en forma. [\/vc_column_text][vc_column_text css=\u00bb.vc_custom_1523607008975{padding-right: 45% !important;}\u00bb] Desde 1908 el nombre Luigi Carnevali es sin\u00f3nimo de calidad, fiabilidad y seriedad en la producci\u00f3n de entretela auto y termo adhesiva para calzado, marroquiner\u00eda y prendas de piel. Desde 2017, despu\u00e9s de la fusi\u00f3n con la Filial Resinoll C.&amp;M. S.r.l. Luigi Carnevali S.a.s. ha extendido su propuesta al sector de las prendas de vestir. [\/vc_column_text][vc_empty_space height=\u00bb50px\u00bb][\/vc_column_inner][\/vc_row_inner][\/vc_column][\/vc_row][vc_row css_animation=\u00bb\u00bb row_type=\u00bbrow\u00bb use_row_as_full_screen_section=\u00bbno\u00bb type=\u00bbgrid\u00bb angled_section=\u00bbno\u00bb text_align=\u00bbcenter\u00bb background_image_as_pattern=\u00bbwithout_pattern\u00bb][vc_column][qode_elements_holder number_of_columns=\u00bbfour_columns\u00bb][qode_elements_holder_item vertical_alignment=\u00bbtop\u00bb advanced_animations=\u00bbno\u00bb background_image=\u00bb319&#8243;][vc_empty_space height=\u00bb222px\u00bb][vc_column_text] Nuestra empresa [\/vc_column_text][vc_empty_space height=\u00bb220px\u00bb][vc_empty_space][\/qode_elements_holder_item][qode_elements_holder_item vertical_alignment=\u00bbtop\u00bb advanced_animations=\u00bbno\u00bb background_color=\u00bb#ffffff\u00bb][vc_single_image image=\u00bb995&#8243; img_size=\u00bbmedium\u00bb alignment=\u00bbcenter\u00bb qode_css_animation=\u00bb\u00bb][vc_empty_space height=\u00bb25px\u00bb][vc_column_text] Calzado [\/vc_column_text][vc_empty_space height=\u00bb25px\u00bb][vc_column_text css=\u00bb.vc_custom_1523608246862{padding-right: 2% !important;padding-left: 2% !important;}\u00bb] Termoadhesivo para calzado, para mejorar la calidad de las pieles y mantener el dise\u00f1o inalterado. Entretela termo y autoadhesiva para reforzar el calzado de piel, de tejido y sint\u00e9tico. [\/vc_column_text][vc_empty_space height=\u00bb44px\u00bb][vc_empty_space][\/qode_elements_holder_item][qode_elements_holder_item vertical_alignment=\u00bbtop\u00bb advanced_animations=\u00bbno\u00bb background_color=\u00bb#ffffff\u00bb][vc_single_image image=\u00bb994&#8243; img_size=\u00bbmedium\u00bb alignment=\u00bbcenter\u00bb qode_css_animation=\u00bb\u00bb][vc_empty_space height=\u00bb25px\u00bb][vc_column_text] Marroquiner\u00eda [\/vc_column_text][vc_empty_space height=\u00bb25px\u00bb][vc_column_text css=\u00bb.vc_custom_1523608361643{padding-right: 2% !important;padding-left: 2% !important;}\u00bb] Productos espec\u00edficamente creados para reforzar la marroquiner\u00eda y los complementos de moda de piel&#8230;<\/p>\n","protected":false},"author":1,"featured_media":0,"parent":0,"menu_order":0,"comment_status":"closed","ping_status":"closed","template":"full_width.php","meta":{"footnotes":""},"class_list":["post-987","page","type-page","status-publish","hentry"],"_links":{"self":[{"href":"https:\/\/www.carnevali.it\/es\/wp-json\/wp\/v2\/pages\/987","targetHints":{"allow":["GET"]}}],"collection":[{"href":"https:\/\/www.carnevali.it\/es\/wp-json\/wp\/v2\/pages"}],"about":[{"href":"https:\/\/www.carnevali.it\/es\/wp-json\/wp\/v2\/types\/page"}],"author":[{"embeddable":true,"href":"https:\/\/www.carnevali.it\/es\/wp-json\/wp\/v2\/users\/1"}],"replies":[{"embeddable":true,"href":"https:\/\/www.carnevali.it\/es\/wp-json\/wp\/v2\/comments?post=987"}],"version-history":[{"count":2,"href":"https:\/\/www.carnevali.it\/es\/wp-json\/wp\/v2\/pages\/987\/revisions"}],"predecessor-version":[{"id":1850,"href":"https:\/\/www.carnevali.it\/es\/wp-json\/wp\/v2\/pages\/987\/revisions\/1850"}],"wp:attachment":[{"href":"https:\/\/www.carnevali.it\/es\/wp-json\/wp\/v2\/media?parent=987"}],"curies":[{"name":"wp","href":"https:\/\/api.w.org\/{rel}","templated":true}]}}