{"id":1078,"date":"2017-09-18T07:33:10","date_gmt":"2017-09-18T05:33:10","guid":{"rendered":"http:\/\/carnevali.comcentrica.it\/home\/"},"modified":"2020-12-16T11:26:20","modified_gmt":"2020-12-16T10:26:20","slug":"home","status":"publish","type":"page","link":"https:\/\/www.carnevali.it\/fr\/","title":{"rendered":"Home"},"content":{"rendered":"<div class=\"wpb-content-wrapper\"><p>[vc_row css_animation=\u00a0\u00bb\u00a0\u00bb row_type=\u00a0\u00bbrow\u00a0\u00bb use_row_as_full_screen_section=\u00a0\u00bbyes\u00a0\u00bb type=\u00a0\u00bbfull_width\u00a0\u00bb angled_section=\u00a0\u00bbno\u00a0\u00bb text_align=\u00a0\u00bbleft\u00a0\u00bb background_image_as_pattern=\u00a0\u00bbwithout_pattern\u00a0\u00bb css=\u00a0\u00bb.vc_custom_1607941943923{background-image: url(https:\/\/www.carnevali.it\/wp-content\/uploads\/2020\/12\/luigi-carnevali-header-1920.jpg?id=1847) !important;background-position: center !important;background-repeat: no-repeat !important;background-size: cover !important;}\u00a0\u00bb z_index=\u00a0\u00bb\u00a0\u00bb][vc_column css=\u00a0\u00bb.vc_custom_1518781005139{padding-top: 5% !important;padding-bottom: 5% !important;}\u00a0\u00bb][vc_row_inner row_type=\u00a0\u00bbrow\u00a0\u00bb type=\u00a0\u00bbgrid\u00a0\u00bb text_align=\u00a0\u00bbleft\u00a0\u00bb css_animation=\u00a0\u00bb\u00a0\u00bb css=\u00a0\u00bb.vc_custom_1518781115932{padding-right: 10% !important;padding-left: 10% !important;}\u00a0\u00bb][vc_column_inner][vc_column_text css=\u00a0\u00bb.vc_custom_1523627061727{padding-top: 7% !important;padding-bottom: 5% !important;}\u00a0\u00bb]<\/p>\n<h1><span style=\"color: #ffffff;\">Nous gardons le secret<br \/>\npour les garder en forme.<\/span><\/h1>\n<p>[\/vc_column_text][vc_column_text css=\u00a0\u00bb.vc_custom_1523626683595{padding-right: 45% !important;}\u00a0\u00bb]<\/p>\n<h4><span style=\"color: #ffffff;\">Depuis 1908, le nom Luigi Carnevali est synonyme de qualit\u00e9, de fiabilit\u00e9 et de professionnalisme dans la production de renforts autocollants et thermocollants pour chaussures, maroquinerie et v\u00eatements en cuir.<br \/>\n\u00c0 partir de 2017, suite \u00e0 la fusion avec la soci\u00e9t\u00e9 li\u00e9e <a href=\"http:\/\/resinoll.it\" target=\"_blank\" rel=\"noopener\">Resinoll C. &amp; M. S.r.l.<\/a>, Luigi Carnevali S.a.s. a \u00e9largi son offre \u00e0 l\u2019ensemble du secteur de l\u2019habillement.<\/span><\/h4>\n<p>[\/vc_column_text][vc_empty_space height=\u00a0\u00bb50px\u00a0\u00bb]<a  itemprop=\"url\" href=\"\/fr\/produits\/\" target=\"_self\"  class=\"qbutton  white default\" style=\"margin: 0 6px 6px 0; \">Les produits<\/a>[\/vc_column_inner][\/vc_row_inner][\/vc_column][\/vc_row][vc_row css_animation=\u00a0\u00bb\u00a0\u00bb row_type=\u00a0\u00bbrow\u00a0\u00bb use_row_as_full_screen_section=\u00a0\u00bbno\u00a0\u00bb type=\u00a0\u00bbgrid\u00a0\u00bb angled_section=\u00a0\u00bbno\u00a0\u00bb text_align=\u00a0\u00bbcenter\u00a0\u00bb background_image_as_pattern=\u00a0\u00bbwithout_pattern\u00a0\u00bb][vc_column][qode_elements_holder number_of_columns=\u00a0\u00bbfour_columns\u00a0\u00bb][qode_elements_holder_item vertical_alignment=\u00a0\u00bbtop\u00a0\u00bb advanced_animations=\u00a0\u00bbno\u00a0\u00bb background_image=\u00a0\u00bb319&Prime;][vc_empty_space height=\u00a0\u00bb222px\u00a0\u00bb][vc_column_text]<\/p>\n<h2 style=\"text-align: center;\"><span style=\"color: #003b5e;\">Notre entreprise<\/span><\/h2>\n<p>[\/vc_column_text][vc_empty_space height=\u00a0\u00bb200px\u00a0\u00bb]<a  itemprop=\"url\" href=\"\/fr\/entreprise \/\" target=\"_self\"  class=\"qbutton  white default\" style=\"\">D\u00e9couvrez<\/a>[vc_empty_space][\/qode_elements_holder_item][qode_elements_holder_item vertical_alignment=\u00a0\u00bbtop\u00a0\u00bb advanced_animations=\u00a0\u00bbno\u00a0\u00bb background_color=\u00a0\u00bb#ffffff\u00a0\u00bb][vc_single_image image=\u00a0\u00bb1086&Prime; img_size=\u00a0\u00bbmedium\u00a0\u00bb alignment=\u00a0\u00bbcenter\u00a0\u00bb qode_css_animation=\u00a0\u00bb\u00a0\u00bb][vc_empty_space height=\u00a0\u00bb25px\u00a0\u00bb][vc_column_text]<\/p>\n<h2 class=\"qode-info-card-title\" style=\"text-align: center;\">Chaussures<\/h2>\n<p>[\/vc_column_text][vc_empty_space height=\u00a0\u00bb25px\u00a0\u00bb][vc_column_text css=\u00a0\u00bb.vc_custom_1523627411161{padding-right: 2% !important;padding-left: 2% !important;}\u00a0\u00bb]<\/p>\n<p style=\"text-align: center;\">Renforts thermocollants pour chaussures, pour am\u00e9liorer la qualit\u00e9 du cuir et garder inchang\u00e9 le design.<\/p>\n<p>[\/vc_column_text][vc_empty_space height=\u00a0\u00bb44px\u00a0\u00bb]<a  itemprop=\"url\" href=\"\/fr\/produits#femmes\" target=\"_self\"  class=\"qbutton  default\" style=\"\">D\u00e9couvrez<\/a>[vc_empty_space][\/qode_elements_holder_item][qode_elements_holder_item vertical_alignment=\u00a0\u00bbtop\u00a0\u00bb advanced_animations=\u00a0\u00bbno\u00a0\u00bb background_color=\u00a0\u00bb#ffffff\u00a0\u00bb][vc_single_image image=\u00a0\u00bb1085&Prime; img_size=\u00a0\u00bbmedium\u00a0\u00bb alignment=\u00a0\u00bbcenter\u00a0\u00bb qode_css_animation=\u00a0\u00bb\u00a0\u00bb][vc_empty_space height=\u00a0\u00bb25px\u00a0\u00bb][vc_column_text]<\/p>\n<h2 class=\"qode-info-card-title\" style=\"text-align: center;\">Maroquinerie<\/h2>\n<p>[\/vc_column_text][vc_empty_space height=\u00a0\u00bb25px\u00a0\u00bb][vc_column_text css=\u00a0\u00bb.vc_custom_1523627517847{padding-right: 2% !important;padding-left: 2% !important;}\u00a0\u00bb]<\/p>\n<p style=\"text-align: center;\">Nos produits de renfort sont sp\u00e9cialement con\u00e7us pour la maroquinerie et les accessoires de mode en cuir.<\/p>\n<p>[\/vc_column_text][vc_empty_space height=\u00a0\u00bb44px\u00a0\u00bb]<a  itemprop=\"url\" href=\"\/fr\/produits\/#maroquinerie\" target=\"_self\"  class=\"qbutton  default\" style=\"\">D\u00e9couvrez<\/a>[vc_empty_space][\/qode_elements_holder_item][qode_elements_holder_item vertical_alignment=\u00a0\u00bbtop\u00a0\u00bb advanced_animations=\u00a0\u00bbno\u00a0\u00bb background_color=\u00a0\u00bb#ffffff\u00a0\u00bb][vc_single_image image=\u00a0\u00bb1087&Prime; img_size=\u00a0\u00bbmedium\u00a0\u00bb alignment=\u00a0\u00bbcenter\u00a0\u00bb qode_css_animation=\u00a0\u00bb\u00a0\u00bb][vc_empty_space height=\u00a0\u00bb25px\u00a0\u00bb][vc_column_text]<\/p>\n<h2 class=\"qode-info-card-title\" style=\"text-align: center;\">V\u00eatements<\/h2>\n<p>[\/vc_column_text][vc_empty_space height=\u00a0\u00bb25px\u00a0\u00bb][vc_column_text css=\u00a0\u00bb.vc_custom_1523627600643{padding-right: 2% !important;padding-left: 2% !important;}\u00a0\u00bb]<\/p>\n<p style=\"text-align: center;\">Pour le renforcement de v\u00eatements en cuir, des pantalons classiques et d\u00e9contract\u00e9s aux vestes.<\/p>\n<p>[\/vc_column_text][vc_empty_space height=\u00a0\u00bb44px\u00a0\u00bb]<a  itemprop=\"url\" href=\"\/fr\/produits\/#vetements\" target=\"_self\"  class=\"qbutton  default\" style=\"\">D\u00e9couvrez<\/a>[vc_empty_space][\/qode_elements_holder_item][\/qode_elements_holder][\/vc_column][\/vc_row][vc_row css_animation=\u00a0\u00bb\u00a0\u00bb row_type=\u00a0\u00bbrow\u00a0\u00bb use_row_as_full_screen_section=\u00a0\u00bbno\u00a0\u00bb type=\u00a0\u00bbgrid\u00a0\u00bb angled_section=\u00a0\u00bbno\u00a0\u00bb text_align=\u00a0\u00bbcenter\u00a0\u00bb background_image_as_pattern=\u00a0\u00bbwithout_pattern\u00a0\u00bb css=\u00a0\u00bb.vc_custom_1472637221526{padding-top: 58px !important;}\u00a0\u00bb][vc_column offset=\u00a0\u00bbvc_col-lg-6 vc_col-md-6&Prime;][vc_empty_space height=\u00a0\u00bb70px\u00a0\u00bb][vc_column_text]<\/p>\n<h2>Qualit\u00e9 et service<\/h2>\n<p>[\/vc_column_text][vc_empty_space height=\u00a0\u00bb30px\u00a0\u00bb][vc_column_text]<\/p>\n<p class=\"p1\"><b>Gr\u00e2ce \u00e0 la recherche constante d\u2019articles innovants, au vaste r\u00e9seau de vente et de service apr\u00e8s-vente et \u00e0 la qualit\u00e9 de ses produits, l\u2019entreprise est en mesure d\u2019offrir \u00e0 ses clients italiens et \u00e9trangers un service rapide, ponctuel, attentif et exclusif.<\/b><\/p>\n<p>[\/vc_column_text][vc_empty_space height=\u00a0\u00bb50px\u00a0\u00bb]<a  itemprop=\"url\" href=\"\/fr\/Services\/\" target=\"_self\"  class=\"qbutton  default\" style=\"\">Notre Services<\/a>[vc_empty_space height=\u00a0\u00bb51px\u00a0\u00bb][\/vc_column][vc_column width=\u00a0\u00bb5\/6&Prime; offset=\u00a0\u00bbvc_col-lg-offset-0 vc_col-lg-6 vc_col-md-offset-0 vc_col-md-6 vc_col-sm-offset-1&Prime;][vc_single_image image=\u00a0\u00bb1091&Prime; img_size=\u00a0\u00bbfull\u00a0\u00bb alignment=\u00a0\u00bbcenter\u00a0\u00bb qode_css_animation=\u00a0\u00bb\u00a0\u00bb][\/vc_column][\/vc_row][vc_row css_animation=\u00a0\u00bb\u00a0\u00bb row_type=\u00a0\u00bbrow\u00a0\u00bb use_row_as_full_screen_section=\u00a0\u00bbno\u00a0\u00bb type=\u00a0\u00bbfull_width\u00a0\u00bb angled_section=\u00a0\u00bbno\u00a0\u00bb text_align=\u00a0\u00bbcenter\u00a0\u00bb background_image_as_pattern=\u00a0\u00bbwithout_pattern\u00a0\u00bb css=\u00a0\u00bb.vc_custom_1607941996979{background-image: url(https:\/\/www.carnevali.it\/wp-content\/uploads\/2017\/09\/carnevali-bkg-blu.jpg?id=1092) !important;background-position: center !important;background-repeat: no-repeat !important;background-size: cover !important;}\u00a0\u00bb el_class=\u00a0\u00bbqode-lower-section-z-index\u00a0\u00bb z_index=\u00a0\u00bb\u00a0\u00bb background_color=\u00a0\u00bb\u00a0\u00bb border_color=\u00a0\u00bb\u00a0\u00bb][vc_column css=\u00a0\u00bb.vc_custom_1481540011171{padding-top: 67px !important;padding-bottom: 106px !important;}\u00a0\u00bb][vc_empty_space height=\u00a0\u00bb78px\u00a0\u00bb][vc_column_text]<\/p>\n<h2><span style=\"color: #ffffff;\">Le leader de la qualit\u00e9 depuis plus de 100 ans<\/span><\/h2>\n<p>[\/vc_column_text][vc_empty_space height=\u00a0\u00bb19px\u00a0\u00bb][vc_column_text]<\/p>\n<h3><span style=\"color: #ffffff;\">La certitude du r\u00e9sultat d\u00e9coule de l\u2019exp\u00e9rience et du professionnalisme.<\/span><\/h3>\n<p>[\/vc_column_text][vc_empty_space height=\u00a0\u00bb70px\u00a0\u00bb][\/vc_column][\/vc_row]<\/p>\n<\/div>","protected":false},"excerpt":{"rendered":"<p>[vc_row css_animation=\u00a0\u00bb\u00a0\u00bb row_type=\u00a0\u00bbrow\u00a0\u00bb use_row_as_full_screen_section=\u00a0\u00bbyes\u00a0\u00bb type=\u00a0\u00bbfull_width\u00a0\u00bb angled_section=\u00a0\u00bbno\u00a0\u00bb text_align=\u00a0\u00bbleft\u00a0\u00bb background_image_as_pattern=\u00a0\u00bbwithout_pattern\u00a0\u00bb css=\u00a0\u00bb.vc_custom_1607941943923{background-image: url(https:\/\/www.carnevali.it\/wp-content\/uploads\/2020\/12\/luigi-carnevali-header-1920.jpg?id=1847) !important;background-position: center !important;background-repeat: no-repeat !important;background-size: cover !important;}\u00a0\u00bb z_index=\u00a0\u00bb\u00a0\u00bb][vc_column css=\u00a0\u00bb.vc_custom_1518781005139{padding-top: 5% !important;padding-bottom: 5% !important;}\u00a0\u00bb][vc_row_inner row_type=\u00a0\u00bbrow\u00a0\u00bb type=\u00a0\u00bbgrid\u00a0\u00bb text_align=\u00a0\u00bbleft\u00a0\u00bb css_animation=\u00a0\u00bb\u00a0\u00bb css=\u00a0\u00bb.vc_custom_1518781115932{padding-right: 10% !important;padding-left: 10% !important;}\u00a0\u00bb][vc_column_inner][vc_column_text css=\u00a0\u00bb.vc_custom_1523627061727{padding-top: 7% !important;padding-bottom: 5% !important;}\u00a0\u00bb] Nous gardons le secret pour les garder en forme. [\/vc_column_text][vc_column_text css=\u00a0\u00bb.vc_custom_1523626683595{padding-right: 45% !important;}\u00a0\u00bb] Depuis 1908, le nom Luigi Carnevali est synonyme de qualit\u00e9, de fiabilit\u00e9 et de professionnalisme dans la production de renforts autocollants et thermocollants pour chaussures, maroquinerie et v\u00eatements en cuir. \u00c0 partir de 2017, suite \u00e0 la fusion avec la soci\u00e9t\u00e9 li\u00e9e Resinoll C. &amp; M. S.r.l., Luigi Carnevali S.a.s. a \u00e9largi son offre \u00e0 l\u2019ensemble du secteur de l\u2019habillement. [\/vc_column_text][vc_empty_space height=\u00a0\u00bb50px\u00a0\u00bb][\/vc_column_inner][\/vc_row_inner][\/vc_column][\/vc_row][vc_row css_animation=\u00a0\u00bb\u00a0\u00bb row_type=\u00a0\u00bbrow\u00a0\u00bb use_row_as_full_screen_section=\u00a0\u00bbno\u00a0\u00bb type=\u00a0\u00bbgrid\u00a0\u00bb angled_section=\u00a0\u00bbno\u00a0\u00bb text_align=\u00a0\u00bbcenter\u00a0\u00bb background_image_as_pattern=\u00a0\u00bbwithout_pattern\u00a0\u00bb][vc_column][qode_elements_holder number_of_columns=\u00a0\u00bbfour_columns\u00a0\u00bb][qode_elements_holder_item vertical_alignment=\u00a0\u00bbtop\u00a0\u00bb advanced_animations=\u00a0\u00bbno\u00a0\u00bb background_image=\u00a0\u00bb319&Prime;][vc_empty_space height=\u00a0\u00bb222px\u00a0\u00bb][vc_column_text] Notre entreprise [\/vc_column_text][vc_empty_space height=\u00a0\u00bb200px\u00a0\u00bb][vc_empty_space][\/qode_elements_holder_item][qode_elements_holder_item vertical_alignment=\u00a0\u00bbtop\u00a0\u00bb advanced_animations=\u00a0\u00bbno\u00a0\u00bb background_color=\u00a0\u00bb#ffffff\u00a0\u00bb][vc_single_image image=\u00a0\u00bb1086&Prime; img_size=\u00a0\u00bbmedium\u00a0\u00bb alignment=\u00a0\u00bbcenter\u00a0\u00bb qode_css_animation=\u00a0\u00bb\u00a0\u00bb][vc_empty_space height=\u00a0\u00bb25px\u00a0\u00bb][vc_column_text] Chaussures [\/vc_column_text][vc_empty_space height=\u00a0\u00bb25px\u00a0\u00bb][vc_column_text css=\u00a0\u00bb.vc_custom_1523627411161{padding-right: 2% !important;padding-left: 2% !important;}\u00a0\u00bb] Renforts thermocollants pour chaussures, pour am\u00e9liorer la qualit\u00e9 du cuir et garder inchang\u00e9 le design. [\/vc_column_text][vc_empty_space height=\u00a0\u00bb44px\u00a0\u00bb][vc_empty_space][\/qode_elements_holder_item][qode_elements_holder_item vertical_alignment=\u00a0\u00bbtop\u00a0\u00bb advanced_animations=\u00a0\u00bbno\u00a0\u00bb background_color=\u00a0\u00bb#ffffff\u00a0\u00bb][vc_single_image image=\u00a0\u00bb1085&Prime; img_size=\u00a0\u00bbmedium\u00a0\u00bb alignment=\u00a0\u00bbcenter\u00a0\u00bb qode_css_animation=\u00a0\u00bb\u00a0\u00bb][vc_empty_space height=\u00a0\u00bb25px\u00a0\u00bb][vc_column_text] Maroquinerie [\/vc_column_text][vc_empty_space height=\u00a0\u00bb25px\u00a0\u00bb][vc_column_text css=\u00a0\u00bb.vc_custom_1523627517847{padding-right: 2% !important;padding-left: 2% !important;}\u00a0\u00bb] Nos produits de renfort sont sp\u00e9cialement con\u00e7us pour la maroquinerie et les accessoires de mode en cuir. [\/vc_column_text][vc_empty_space height=\u00a0\u00bb44px\u00a0\u00bb][vc_empty_space][\/qode_elements_holder_item][qode_elements_holder_item vertical_alignment=\u00a0\u00bbtop\u00a0\u00bb advanced_animations=\u00a0\u00bbno\u00a0\u00bb background_color=\u00a0\u00bb#ffffff\u00a0\u00bb][vc_single_image image=\u00a0\u00bb1087&Prime;&#8230;<\/p>\n","protected":false},"author":1,"featured_media":0,"parent":0,"menu_order":0,"comment_status":"closed","ping_status":"closed","template":"full_width.php","meta":{"footnotes":""},"class_list":["post-1078","page","type-page","status-publish","hentry"],"_links":{"self":[{"href":"https:\/\/www.carnevali.it\/fr\/wp-json\/wp\/v2\/pages\/1078","targetHints":{"allow":["GET"]}}],"collection":[{"href":"https:\/\/www.carnevali.it\/fr\/wp-json\/wp\/v2\/pages"}],"about":[{"href":"https:\/\/www.carnevali.it\/fr\/wp-json\/wp\/v2\/types\/page"}],"author":[{"embeddable":true,"href":"https:\/\/www.carnevali.it\/fr\/wp-json\/wp\/v2\/users\/1"}],"replies":[{"embeddable":true,"href":"https:\/\/www.carnevali.it\/fr\/wp-json\/wp\/v2\/comments?post=1078"}],"version-history":[{"count":3,"href":"https:\/\/www.carnevali.it\/fr\/wp-json\/wp\/v2\/pages\/1078\/revisions"}],"predecessor-version":[{"id":1854,"href":"https:\/\/www.carnevali.it\/fr\/wp-json\/wp\/v2\/pages\/1078\/revisions\/1854"}],"wp:attachment":[{"href":"https:\/\/www.carnevali.it\/fr\/wp-json\/wp\/v2\/media?parent=1078"}],"curies":[{"name":"wp","href":"https:\/\/api.w.org\/{rel}","templated":true}]}}