{"id":1095,"date":"2016-11-02T14:21:01","date_gmt":"2016-11-02T14:21:01","guid":{"rendered":"http:\/\/carnevali.comcentrica.it\/azienda\/"},"modified":"2020-12-16T11:32:28","modified_gmt":"2020-12-16T10:32:28","slug":"entreprise","status":"publish","type":"page","link":"https:\/\/www.carnevali.it\/fr\/entreprise\/","title":{"rendered":"Entreprise"},"content":{"rendered":"<div class=\"wpb-content-wrapper\"><p>[vc_row css_animation=\u00a0\u00bb\u00a0\u00bb row_type=\u00a0\u00bbrow\u00a0\u00bb use_row_as_full_screen_section=\u00a0\u00bbno\u00a0\u00bb type=\u00a0\u00bbfull_width\u00a0\u00bb angled_section=\u00a0\u00bbno\u00a0\u00bb text_align=\u00a0\u00bbcenter\u00a0\u00bb background_image_as_pattern=\u00a0\u00bbwithout_pattern\u00a0\u00bb padding_top=\u00a0\u00bb0&Prime; padding_bottom=\u00a0\u00bb0&Prime; css=\u00a0\u00bb.vc_custom_1607944774641{background-image: url(https:\/\/www.carnevali.it\/wp-content\/uploads\/2016\/11\/bkg-home-neutro-carnevali-1920.jpg?id=1103) !important;background-position: center !important;background-repeat: no-repeat !important;background-size: cover !important;}\u00a0\u00bb z_index=\u00a0\u00bb\u00a0\u00bb][vc_column][vc_separator type=\u00a0\u00bbtransparent\u00a0\u00bb up=\u00a0\u00bb100&Prime; down=\u00a0\u00bb25&Prime;][vc_separator type=\u00a0\u00bbtransparent\u00a0\u00bb up=\u00a0\u00bb25&Prime; down=\u00a0\u00bb25&Prime;][vc_column_text]<\/p>\n<h2 style=\"text-align: center;\"><span style=\"color: #003360;\">Nous gardons le secret pour les garder en forme.<\/span><\/h2>\n<p>[\/vc_column_text][vc_separator type=\u00a0\u00bbtransparent\u00a0\u00bb up=\u00a0\u00bb25&Prime; down=\u00a0\u00bb25&Prime;][\/vc_column][\/vc_row][vc_row css_animation=\u00a0\u00bb\u00a0\u00bb row_type=\u00a0\u00bbrow\u00a0\u00bb use_row_as_full_screen_section=\u00a0\u00bbno\u00a0\u00bb type=\u00a0\u00bbgrid\u00a0\u00bb angled_section=\u00a0\u00bbno\u00a0\u00bb text_align=\u00a0\u00bbcenter\u00a0\u00bb background_image_as_pattern=\u00a0\u00bbwithout_pattern\u00a0\u00bb css=\u00a0\u00bb.vc_custom_1478097484495{padding-top: 72px !important;}\u00a0\u00bb][vc_column width=\u00a0\u00bb1\/2&Prime;]\n\t\t\t<!-- START azienda REVOLUTION SLIDER 6.7.39 --><p class=\"rs-p-wp-fix\"><\/p>\n\t\t\t<rs-module-wrap id=\"rev_slider_1_1_wrapper\" data-source=\"gallery\" style=\"visibility:hidden;background:rgba(226,226,226,0);padding:0;margin:0px auto;margin-top:0;margin-bottom:0;\">\n\t\t\t\t<rs-module id=\"rev_slider_1_1\" style=\"\" data-version=\"6.7.39\">\n\t\t\t\t\t<rs-slides style=\"overflow: hidden; position: absolute;\">\n\t\t\t\t\t\t<rs-slide style=\"position: absolute;\" data-key=\"rs-1\" data-title=\"Slide\" data-thumb=\"\/\/www.carnevali.it\/wp-content\/uploads\/2018\/02\/luigi-carnevali-interno-100x50.jpg\" data-anim=\"adpr:false;\">\n\t\t\t\t\t\t\t<img decoding=\"async\" src=\"\/\/www.carnevali.it\/wp-content\/plugins\/revslider\/sr6\/assets\/assets\/dummy.png\" alt=\"\" title=\"Entreprise\" class=\"rev-slidebg tp-rs-img rs-lazyload\" data-lazyload=\"\/\/www.carnevali.it\/wp-content\/uploads\/2018\/02\/luigi-carnevali-interno.jpg\" data-no-retina>\n<!---->\t\t\t\t\t<\/rs-slide>\n\t\t\t\t\t\t<rs-slide style=\"position: absolute;\" data-key=\"rs-2\" data-title=\"Slide\" data-thumb=\"\/\/www.carnevali.it\/wp-content\/uploads\/2018\/02\/luigi-carnevali-magazzino-100x50.jpg\" data-anim=\"adpr:false;\">\n\t\t\t\t\t\t\t<img decoding=\"async\" src=\"\/\/www.carnevali.it\/wp-content\/plugins\/revslider\/sr6\/assets\/assets\/dummy.png\" alt=\"\" title=\"Entreprise\" class=\"rev-slidebg tp-rs-img rs-lazyload\" data-lazyload=\"\/\/www.carnevali.it\/wp-content\/uploads\/2018\/02\/luigi-carnevali-magazzino.jpg\" data-no-retina>\n<!---->\t\t\t\t\t<\/rs-slide>\n\t\t\t\t\t\t<rs-slide style=\"position: absolute;\" data-key=\"rs-3\" data-title=\"Slide\" data-thumb=\"\/\/www.carnevali.it\/wp-content\/uploads\/2018\/02\/luigi-carnevali-magazzino-100x50.jpg\" data-anim=\"adpr:false;\">\n\t\t\t\t\t\t\t<img decoding=\"async\" src=\"\/\/www.carnevali.it\/wp-content\/plugins\/revslider\/sr6\/assets\/assets\/dummy.png\" alt=\"\" title=\"Entreprise\" class=\"rev-slidebg tp-rs-img rs-lazyload\" data-lazyload=\"\/\/www.carnevali.it\/wp-content\/uploads\/2018\/02\/luigi-carnevali-magazzino.jpg\" data-no-retina>\n<!---->\t\t\t\t\t<\/rs-slide>\n\t\t\t\t\t\t<rs-slide style=\"position: absolute;\" data-key=\"rs-4\" data-title=\"Slide\" data-thumb=\"\/\/www.carnevali.it\/wp-content\/uploads\/2018\/02\/luigi-carnevali-azienda-100x50.jpg\" data-anim=\"adpr:false;\">\n\t\t\t\t\t\t\t<img decoding=\"async\" src=\"\/\/www.carnevali.it\/wp-content\/plugins\/revslider\/sr6\/assets\/assets\/dummy.png\" alt=\"\" title=\"Entreprise\" class=\"rev-slidebg tp-rs-img rs-lazyload\" data-lazyload=\"\/\/www.carnevali.it\/wp-content\/uploads\/2018\/02\/luigi-carnevali-azienda.jpg\" data-no-retina>\n<!---->\t\t\t\t\t<\/rs-slide>\n\t\t\t\t\t<\/rs-slides>\n\t\t\t\t<\/rs-module>\n\t\t\t\t<script>\n\t\t\t\t\tsetREVStartSize({c: 'rev_slider_1_1',rl:[1240,1024,778,480],el:[],gw:[1240],gh:[868],type:'standard',justify:'',layout:'fullwidth',mh:\"0\"});if (window.RS_MODULES!==undefined && window.RS_MODULES.modules!==undefined && window.RS_MODULES.modules[\"revslider11\"]!==undefined) {window.RS_MODULES.modules[\"revslider11\"].once = false;window.revapi1 = undefined;if (window.RS_MODULES.checkMinimal!==undefined) window.RS_MODULES.checkMinimal()}\n\t\t\t\t<\/script>\n\t\t\t<\/rs-module-wrap>\n\t\t\t<!-- END REVOLUTION SLIDER -->\n[\/vc_column][vc_column width=\u00a0\u00bb1\/2&Prime;][vc_column_text]<\/p>\n<h2 style=\"text-align: left;\">Notre histoire<\/h2>\n<p>[\/vc_column_text][vc_empty_space height=\u00a0\u00bb39px\u00a0\u00bb][vc_column_text]<\/p>\n<p style=\"text-align: left;\">La soci\u00e9t\u00e9 <strong>Luigi Carnevali S.a.s.<\/strong> a \u00e9t\u00e9 fond\u00e9e au d\u00e9but du 20e si\u00e8cle, en se sp\u00e9cialisant dans la production et la vente de boucles, de garnitures et de broderies, qui \u00e9taient particuli\u00e8rement appr\u00e9ci\u00e9es dans les ann\u00e9es \u201820 et \u201830. \u00c0 l\u2019\u00e9poque, la soci\u00e9t\u00e9 avait \u00e9galement assum\u00e9 la repr\u00e9sentation de la soci\u00e9t\u00e9 fran\u00e7aise \u00ab Leon \u00bb, particuli\u00e8rement renomm\u00e9e pour la r\u00e9alisation de boucles \u00e9maill\u00e9es en vermeil (une vari\u00e9t\u00e9 d\u2019argent recouvert d\u2019or) de tr\u00e8s belle facture.<\/p>\n<p>&nbsp;<\/p>\n<p style=\"text-align: left;\">D\u00e8s le d\u00e9but, la soci\u00e9t\u00e9 <strong>Luigi Carnevali<\/strong> a toujours mis\u00e9 sur la qualit\u00e9 de ses produits, en suscitant l\u2019int\u00e9r\u00eat d\u2019une client\u00e8le tr\u00e8s exigeante, y compris des marques et des maisons prestigieuses comme <strong>Bottega Veneta<\/strong>, <strong>Prada<\/strong>, <strong>Gucci<\/strong>, <strong>Louis Vuitton<\/strong> et <strong>Christian Louboutin<\/strong>..<\/p>\n<p>&nbsp;<\/p>\n<p style=\"text-align: left;\">Au fil des ans, l\u2019entreprise a montr\u00e9 sa capacit\u00e9 \u00e0 vivre avec son temps, \u00e0 r\u00e9pondre aux besoins d\u2019un march\u00e9 en constante \u00e9volution, en offrant \u00e0 ses clients des articles toujours modernes et \u00e0 la pointe de la technologie, tout en maintenant la qualit\u00e9 qui les distingue. Un exemple : l\u2019introduction en Italie de la gutta-percha, un mat\u00e9riau exclusif, dont la soci\u00e9t\u00e9 <strong>Luigi Carnevali<\/strong> est encore concessionnaire, issu du caoutchouc naturel, incroyablement transpirant, utilis\u00e9 pour le renforcement du cuir.<\/p>\n<p>[\/vc_column_text][vc_empty_space height=\u00a0\u00bb42px\u00a0\u00bb][\/vc_column][\/vc_row][vc_row css_animation=\u00a0\u00bb\u00a0\u00bb row_type=\u00a0\u00bbrow\u00a0\u00bb use_row_as_full_screen_section=\u00a0\u00bbno\u00a0\u00bb type=\u00a0\u00bbgrid\u00a0\u00bb angled_section=\u00a0\u00bbno\u00a0\u00bb text_align=\u00a0\u00bbleft\u00a0\u00bb background_image_as_pattern=\u00a0\u00bbwithout_pattern\u00a0\u00bb css=\u00a0\u00bb.vc_custom_1505817130833{padding-top: 0px !important;padding-bottom: 0px !important;}\u00a0\u00bb][vc_column][vc_separator type=\u00a0\u00bbnormal\u00a0\u00bb color=\u00a0\u00bb#aaaaaa\u00a0\u00bb][\/vc_column][\/vc_row][vc_row css_animation=\u00a0\u00bb\u00a0\u00bb row_type=\u00a0\u00bbrow\u00a0\u00bb use_row_as_full_screen_section=\u00a0\u00bbno\u00a0\u00bb type=\u00a0\u00bbgrid\u00a0\u00bb angled_section=\u00a0\u00bbno\u00a0\u00bb text_align=\u00a0\u00bbcenter\u00a0\u00bb background_image_as_pattern=\u00a0\u00bbwithout_pattern\u00a0\u00bb css=\u00a0\u00bb.vc_custom_1505817171847{padding-top: 10px !important;}\u00a0\u00bb][vc_column width=\u00a0\u00bb1\/2&Prime;][vc_column_text]<\/p>\n<h2 style=\"text-align: left;\">Notre avenir<\/h2>\n<p>[\/vc_column_text][vc_empty_space height=\u00a0\u00bb39px\u00a0\u00bb][vc_column_text]<\/p>\n<p style=\"text-align: left;\">Dans le but de poursuivre son parcours de croissance et de d\u00e9veloppement, \u00e0 partir du 1er janvier 2017 la soci\u00e9t\u00e9 <strong>Luigi Carnevali S.a.s.<\/strong> a compl\u00e9t\u00e9 la fusion avec la soci\u00e9t\u00e9 li\u00e9e <a href=\"http:\/\/www.resinoll.it\" target=\"_blank\" rel=\"noopener\">Resinoll<\/a>, leader dans la production et la commercialisation de thermocollants pour l\u2019emballage et, \u00e0 ce jour, est devenue comp\u00e9titive \u00e0 360\u00b0, dans le secteur des chaussures, de la maroquinerie et des v\u00eatements en cuir et en tissu.<\/p>\n<p>&nbsp;<\/p>\n<p style=\"text-align: left;\">Gr\u00e2ce au savoir-faire acquis pendant plus de cent ans de travail, mais toujours tourn\u00e9e vers l\u2019avenir, notre soci\u00e9t\u00e9 mise inlassablement sur la recherche et le d\u00e9veloppement de nouveaux produits de plus en plus performants, afin de proposer \u00e0 ses clients les meilleures solutions possibles.<\/p>\n<p>[\/vc_column_text][vc_empty_space height=\u00a0\u00bb42px\u00a0\u00bb][\/vc_column][vc_column width=\u00a0\u00bb1\/2&Prime;][vc_single_image image=\u00a0\u00bb1091&Prime; img_size=\u00a0\u00bblarge\u00a0\u00bb alignment=\u00a0\u00bbcenter\u00a0\u00bb qode_css_animation=\u00a0\u00bb\u00a0\u00bb][\/vc_column][\/vc_row][vc_row css_animation=\u00a0\u00bb\u00a0\u00bb row_type=\u00a0\u00bbrow\u00a0\u00bb use_row_as_full_screen_section=\u00a0\u00bbno\u00a0\u00bb type=\u00a0\u00bbfull_width\u00a0\u00bb angled_section=\u00a0\u00bbno\u00a0\u00bb text_align=\u00a0\u00bbcenter\u00a0\u00bb background_image_as_pattern=\u00a0\u00bbwithout_pattern\u00a0\u00bb css=\u00a0\u00bb.vc_custom_1607944895532{padding-top: 0px !important;padding-bottom: 0px !important;background-image: url(https:\/\/www.carnevali.it\/wp-content\/uploads\/2016\/11\/carnevali-bkg-mondo.jpg?id=1101) !important;}\u00a0\u00bb z_index=\u00a0\u00bb\u00a0\u00bb background_color=\u00a0\u00bb\u00a0\u00bb border_color=\u00a0\u00bb\u00a0\u00bb][vc_column][vc_separator type=\u00a0\u00bbtransparent\u00a0\u00bb up=\u00a0\u00bb25&Prime; down=\u00a0\u00bb25&Prime;][vc_column_text]<\/p>\n<h3 style=\"text-align: center;\"><span style=\"color: #ffffff;\">Carnevali Travers Le Monde<\/span><\/h3>\n<p>[\/vc_column_text][vc_separator type=\u00a0\u00bbsmall\u00a0\u00bb position=\u00a0\u00bbcenter\u00a0\u00bb color=\u00a0\u00bb#ffffff\u00a0\u00bb][vc_separator type=\u00a0\u00bbtransparent\u00a0\u00bb up=\u00a0\u00bb25&Prime; down=\u00a0\u00bb25&Prime;][vc_row_inner row_type=\u00a0\u00bbrow\u00a0\u00bb type=\u00a0\u00bbgrid\u00a0\u00bb text_align=\u00a0\u00bbleft\u00a0\u00bb css_animation=\u00a0\u00bb\u00a0\u00bb background_color=\u00a0\u00bb\u00a0\u00bb border_color=\u00a0\u00bb\u00a0\u00bb][vc_column_inner width=\u00a0\u00bb1\/4&Prime;][vc_column_text]<\/p>\n<h4 class=\"p1\" style=\"text-align: center;\"><span style=\"color: #ffffff;\"><b>EUROPE<\/b><\/span><\/h4>\n<p>[\/vc_column_text][vc_column_text]<\/p>\n<h5 style=\"text-align: center;\"><span style=\"color: #ffffff;\">France<\/span><br \/>\n<span style=\"color: #ffffff;\">Allemagne<\/span><br \/>\n<span style=\"color: #ffffff;\">Grece (Marchand)<\/span><br \/>\n<span style=\"color: #ffffff;\">Hollande<\/span><br \/>\n<span style=\"color: #ffffff;\">Pologne (Marchand)<\/span><br \/>\n<span style=\"color: #ffffff;\">Portugal (Agent)<\/span><br \/>\n<span style=\"color: #ffffff;\">Roumanie<\/span><br \/>\n<span style=\"color: #ffffff;\">Russie<\/span><br \/>\n<span style=\"color: #ffffff;\">Serbie<\/span><br \/>\n<span style=\"color: #ffffff;\">Espagne (Marchand)<\/span><br \/>\n<span style=\"color: #ffffff;\">Suisse<\/span><br \/>\n<span style=\"color: #ffffff;\">UK (Marchand)<\/span><\/h5>\n<p>[\/vc_column_text][\/vc_column_inner][vc_column_inner width=\u00a0\u00bb1\/4&Prime;][vc_column_text]<\/p>\n<h4 class=\"p1\" style=\"text-align: center;\"><span style=\"color: #ffffff;\"><b>AMERIQUE<\/b><\/span><\/h4>\n<p>[\/vc_column_text][vc_column_text]<\/p>\n<h5 style=\"text-align: center;\"><span style=\"color: #ffffff;\">Argentina<\/span><br \/>\n<span style=\"color: #ffffff;\">Bresil<\/span><br \/>\n<span style=\"color: #ffffff;\">Canada<\/span><br \/>\n<span style=\"color: #ffffff;\">Colombie<\/span><br \/>\n<span style=\"color: #ffffff;\">Mexique (Marchand)<\/span><br \/>\n<span style=\"color: #ffffff;\">R\u00e9publique Dominicaine<\/span><br \/>\n<span style=\"color: #ffffff;\">USA<\/span><br \/>\n<span style=\"color: #ffffff;\">Venezuela<\/span><\/h5>\n<p>[\/vc_column_text][\/vc_column_inner][vc_column_inner width=\u00a0\u00bb1\/4&Prime;][vc_column_text]<\/p>\n<h4 class=\"p1\" style=\"text-align: center;\"><span style=\"color: #ffffff;\"><b>ASIE ET MOYEN ORIENT<\/b><\/span><\/h4>\n<p>[\/vc_column_text][vc_column_text]<\/p>\n<h5 style=\"text-align: center;\"><span style=\"color: #ffffff;\">Bangladesh<\/span><br \/>\n<span style=\"color: #ffffff;\">Cambodge<\/span><br \/>\n<span style=\"color: #ffffff;\">Chine<\/span><br \/>\n<span style=\"color: #ffffff;\">Hong Kong (Marchand)<\/span><br \/>\n<span style=\"color: #ffffff;\">Indie (Entrep\u00f4t)<\/span><br \/>\n<span style=\"color: #ffffff;\">Indon\u00e9sie<\/span><br \/>\n<span style=\"color: #ffffff;\">Israel<\/span><br \/>\n<span style=\"color: #ffffff;\">Cor\u00e9e<\/span><br \/>\n<span style=\"color: #ffffff;\">Liban<\/span><br \/>\n<span style=\"color: #ffffff;\">Pakistan<\/span><br \/>\n<span style=\"color: #ffffff;\">Thailande<\/span><br \/>\n<span style=\"color: #ffffff;\">Turquie (Marchand)<\/span><br \/>\n<span style=\"color: #ffffff;\">Vietnam<\/span><\/h5>\n<p>[\/vc_column_text][\/vc_column_inner][vc_column_inner width=\u00a0\u00bb1\/4&Prime;][vc_column_text]<\/p>\n<h4 class=\"p1\" style=\"text-align: center;\"><span style=\"color: #ffffff;\"><b>AFRICA<\/b><\/span><\/h4>\n<p>[\/vc_column_text][vc_column_text]<\/p>\n<h5 style=\"text-align: center;\"><span style=\"color: #ffffff;\">\u00c9thiopie<\/span><br \/>\n<span style=\"color: #ffffff;\">Maroc<\/span><br \/>\n<span style=\"color: #ffffff;\">Afrique du Sud (Marchand)<\/span><br \/>\n<span style=\"color: #ffffff;\">Tunisie<\/span><\/h5>\n<p>[\/vc_column_text][\/vc_column_inner][\/vc_row_inner][vc_separator type=\u00a0\u00bbtransparent\u00a0\u00bb up=\u00a0\u00bb25&Prime; down=\u00a0\u00bb25&Prime;][\/vc_column][\/vc_row]<\/p>\n<\/div>","protected":false},"excerpt":{"rendered":"<p>[vc_row css_animation=\u00a0\u00bb\u00a0\u00bb row_type=\u00a0\u00bbrow\u00a0\u00bb use_row_as_full_screen_section=\u00a0\u00bbno\u00a0\u00bb type=\u00a0\u00bbfull_width\u00a0\u00bb angled_section=\u00a0\u00bbno\u00a0\u00bb text_align=\u00a0\u00bbcenter\u00a0\u00bb background_image_as_pattern=\u00a0\u00bbwithout_pattern\u00a0\u00bb padding_top=\u00a0\u00bb0&Prime; padding_bottom=\u00a0\u00bb0&Prime; css=\u00a0\u00bb.vc_custom_1607944774641{background-image: url(https:\/\/www.carnevali.it\/wp-content\/uploads\/2016\/11\/bkg-home-neutro-carnevali-1920.jpg?id=1103) !important;background-position: center !important;background-repeat: no-repeat !important;background-size: cover !important;}\u00a0\u00bb z_index=\u00a0\u00bb\u00a0\u00bb][vc_column][vc_separator type=\u00a0\u00bbtransparent\u00a0\u00bb up=\u00a0\u00bb100&Prime; down=\u00a0\u00bb25&Prime;][vc_separator type=\u00a0\u00bbtransparent\u00a0\u00bb up=\u00a0\u00bb25&Prime; down=\u00a0\u00bb25&Prime;][vc_column_text] Nous gardons le secret pour les garder en forme. [\/vc_column_text][vc_separator type=\u00a0\u00bbtransparent\u00a0\u00bb up=\u00a0\u00bb25&Prime; down=\u00a0\u00bb25&Prime;][\/vc_column][\/vc_row][vc_row css_animation=\u00a0\u00bb\u00a0\u00bb row_type=\u00a0\u00bbrow\u00a0\u00bb use_row_as_full_screen_section=\u00a0\u00bbno\u00a0\u00bb type=\u00a0\u00bbgrid\u00a0\u00bb angled_section=\u00a0\u00bbno\u00a0\u00bb text_align=\u00a0\u00bbcenter\u00a0\u00bb background_image_as_pattern=\u00a0\u00bbwithout_pattern\u00a0\u00bb css=\u00a0\u00bb.vc_custom_1478097484495{padding-top: 72px !important;}\u00a0\u00bb][vc_column width=\u00a0\u00bb1\/2&Prime;][\/vc_column][vc_column width=\u00a0\u00bb1\/2&Prime;][vc_column_text] Notre histoire [\/vc_column_text][vc_empty_space height=\u00a0\u00bb39px\u00a0\u00bb][vc_column_text] La soci\u00e9t\u00e9 Luigi Carnevali S.a.s. a \u00e9t\u00e9 fond\u00e9e au d\u00e9but du 20e si\u00e8cle, en se sp\u00e9cialisant dans la production et la vente de boucles, de garnitures et de broderies, qui \u00e9taient particuli\u00e8rement appr\u00e9ci\u00e9es dans les ann\u00e9es \u201820 et \u201830. \u00c0 l\u2019\u00e9poque, la soci\u00e9t\u00e9 avait \u00e9galement assum\u00e9 la repr\u00e9sentation de la soci\u00e9t\u00e9 fran\u00e7aise \u00ab Leon \u00bb, particuli\u00e8rement renomm\u00e9e pour la r\u00e9alisation de boucles \u00e9maill\u00e9es en vermeil (une vari\u00e9t\u00e9 d\u2019argent recouvert d\u2019or) de tr\u00e8s belle facture. &nbsp; D\u00e8s le d\u00e9but, la soci\u00e9t\u00e9 Luigi Carnevali a toujours mis\u00e9 sur la qualit\u00e9 de ses produits, en suscitant l\u2019int\u00e9r\u00eat d\u2019une client\u00e8le tr\u00e8s exigeante, y compris des marques et des maisons prestigieuses comme Bottega Veneta, Prada, Gucci, Louis Vuitton et Christian Louboutin.. &nbsp; Au fil des ans, l\u2019entreprise a montr\u00e9 sa capacit\u00e9 \u00e0 vivre avec son temps, \u00e0 r\u00e9pondre aux besoins d\u2019un march\u00e9 en constante \u00e9volution, en offrant \u00e0 ses clients&#8230;<\/p>\n","protected":false},"author":1,"featured_media":0,"parent":0,"menu_order":0,"comment_status":"closed","ping_status":"closed","template":"full_width.php","meta":{"footnotes":""},"class_list":["post-1095","page","type-page","status-publish","hentry"],"_links":{"self":[{"href":"https:\/\/www.carnevali.it\/fr\/wp-json\/wp\/v2\/pages\/1095","targetHints":{"allow":["GET"]}}],"collection":[{"href":"https:\/\/www.carnevali.it\/fr\/wp-json\/wp\/v2\/pages"}],"about":[{"href":"https:\/\/www.carnevali.it\/fr\/wp-json\/wp\/v2\/types\/page"}],"author":[{"embeddable":true,"href":"https:\/\/www.carnevali.it\/fr\/wp-json\/wp\/v2\/users\/1"}],"replies":[{"embeddable":true,"href":"https:\/\/www.carnevali.it\/fr\/wp-json\/wp\/v2\/comments?post=1095"}],"version-history":[{"count":2,"href":"https:\/\/www.carnevali.it\/fr\/wp-json\/wp\/v2\/pages\/1095\/revisions"}],"predecessor-version":[{"id":1893,"href":"https:\/\/www.carnevali.it\/fr\/wp-json\/wp\/v2\/pages\/1095\/revisions\/1893"}],"wp:attachment":[{"href":"https:\/\/www.carnevali.it\/fr\/wp-json\/wp\/v2\/media?parent=1095"}],"curies":[{"name":"wp","href":"https:\/\/api.w.org\/{rel}","templated":true}]}}