{"id":1104,"date":"2018-01-11T18:55:44","date_gmt":"2018-01-11T17:55:44","guid":{"rendered":"http:\/\/carnevali.comcentrica.it\/servizi\/"},"modified":"2020-12-16T11:41:25","modified_gmt":"2020-12-16T10:41:25","slug":"services","status":"publish","type":"page","link":"https:\/\/www.carnevali.it\/fr\/services\/","title":{"rendered":"Services"},"content":{"rendered":"<div class=\"wpb-content-wrapper\"><p>[vc_row css_animation=\u00a0\u00bb\u00a0\u00bb row_type=\u00a0\u00bbrow\u00a0\u00bb use_row_as_full_screen_section=\u00a0\u00bbno\u00a0\u00bb type=\u00a0\u00bbfull_width\u00a0\u00bb angled_section=\u00a0\u00bbno\u00a0\u00bb text_align=\u00a0\u00bbleft\u00a0\u00bb background_image_as_pattern=\u00a0\u00bbwithout_pattern\u00a0\u00bb css=\u00a0\u00bb.vc_custom_1607943516761{padding-top: 30px !important;padding-bottom: 30px !important;background-image: url(https:\/\/www.carnevali.it\/wp-content\/uploads\/2018\/01\/luigi-carnevali-servizi.jpg?id=1105) !important;}\u00a0\u00bb z_index=\u00a0\u00bb\u00a0\u00bb background_color=\u00a0\u00bb\u00a0\u00bb border_color=\u00a0\u00bb\u00a0\u00bb][vc_column][vc_separator type=\u00a0\u00bbtransparent\u00a0\u00bb up=\u00a0\u00bb200&Prime;][vc_separator type=\u00a0\u00bbtransparent\u00a0\u00bb down=\u00a0\u00bb200&Prime;][\/vc_column][\/vc_row][vc_row css_animation=\u00a0\u00bb\u00a0\u00bb row_type=\u00a0\u00bbrow\u00a0\u00bb use_row_as_full_screen_section=\u00a0\u00bbno\u00a0\u00bb type=\u00a0\u00bbfull_width\u00a0\u00bb angled_section=\u00a0\u00bbno\u00a0\u00bb text_align=\u00a0\u00bbleft\u00a0\u00bb background_image_as_pattern=\u00a0\u00bbwithout_pattern\u00a0\u00bb css=\u00a0\u00bb.vc_custom_1517408299995{padding-top: 20px !important;}\u00a0\u00bb][vc_column][vc_column_text css=\u00a0\u00bb.vc_custom_1523629709496{padding-right: 20% !important;padding-left: 20% !important;}\u00a0\u00bb]<\/p>\n<h2 style=\"text-align: center;\"><span style=\"color: #003360;\">Choisissez la qualit\u00e9<\/span><\/h2>\n<h2><\/h2>\n<p>&nbsp;<\/p>\n<h3 style=\"text-align: center;\"><span style=\"color: #003360;\"><strong><span class=\"white\">La certitude du r\u00e9sultat porte sur l\u2019exp\u00e9rience et le professionnalisme.<\/span><\/strong><\/span><\/h3>\n<p>[\/vc_column_text][\/vc_column][\/vc_row][vc_row css_animation=\u00a0\u00bb\u00a0\u00bb row_type=\u00a0\u00bbrow\u00a0\u00bb use_row_as_full_screen_section=\u00a0\u00bbno\u00a0\u00bb type=\u00a0\u00bbgrid\u00a0\u00bb angled_section=\u00a0\u00bbno\u00a0\u00bb text_align=\u00a0\u00bbleft\u00a0\u00bb background_image_as_pattern=\u00a0\u00bbwithout_pattern\u00a0\u00bb css=\u00a0\u00bb.vc_custom_1515773116939{padding-top: 5% !important;padding-right: 2% !important;padding-bottom: 5% !important;padding-left: 2% !important;}\u00a0\u00bb][vc_column width=\u00a0\u00bb1\/3&Prime; css=\u00a0\u00bb.vc_custom_1515773105647{padding-right: 2% !important;padding-left: 2% !important;}\u00a0\u00bb][vc_column_text]<\/p>\n<h4>D\u00e9lais<\/h4>\n<p>[\/vc_column_text][vc_separator type=\u00a0\u00bbnormal\u00a0\u00bb up=\u00a0\u00bb10&Prime; down=\u00a0\u00bb20&Prime;][vc_column_text]L\u2019un des principaux atouts de la soci\u00e9t\u00e9 <strong>Luigi Carnevali S.a.s.<\/strong> est certainement l\u2019efficacit\u00e9 de la cha\u00eene logistique mise en place pour livrer aux clients les marchandises command\u00e9es. \u00c0 partir du moment de la r\u00e9ception de la commande ou de la demande d\u2019\u00e9chantillons, bien souvent, en moins de 24 heures, la commande est trait\u00e9e et livr\u00e9e gr\u00e2ce \u00e0 un r\u00e9seau de courriers tr\u00e8s vaste et capillaire, qui s\u2019\u00e9tend sur toute l\u2019Italie et au-del\u00e0.[\/vc_column_text][\/vc_column][vc_column width=\u00a0\u00bb1\/3&Prime; css=\u00a0\u00bb.vc_custom_1515773022914{padding-right: 2% !important;padding-left: 2% !important;}\u00a0\u00bb][vc_column_text]<\/p>\n<h4>Recherche et D\u00e9veloppement<\/h4>\n<p>[\/vc_column_text][vc_separator type=\u00a0\u00bbnormal\u00a0\u00bb up=\u00a0\u00bb10&Prime; down=\u00a0\u00bb20&Prime;][vc_column_text]Depuis ses d\u00e9buts, notre soci\u00e9t\u00e9 a toujours utilis\u00e9 de nombreuses ressources dans la recherche et le d\u00e9veloppement de nouveaux mat\u00e9riaux et de r\u00e9sines pour proposer \u00e0 ses clients des solutions ad hoc. Et le renouvellement continu de ses propositions et l\u2019engagement constant dans la recherche de solutions nouvelles et efficaces est pr\u00e9cis\u00e9ment l\u2019une des qualit\u00e9s principales de la philosophie de la soci\u00e9t\u00e9 <strong>Luigi Carnevali S.a.s.<\/strong>[\/vc_column_text][\/vc_column][vc_column width=\u00a0\u00bb1\/3&Prime; css=\u00a0\u00bb.vc_custom_1515773028064{padding-right: 2% !important;padding-left: 2% !important;}\u00a0\u00bb][vc_column_text]<\/p>\n<h4>Service clients<\/h4>\n<p>[\/vc_column_text][vc_separator type=\u00a0\u00bbnormal\u00a0\u00bb up=\u00a0\u00bb10&Prime; down=\u00a0\u00bb20&Prime;][vc_column_text]La soci\u00e9t\u00e9 <strong>Luigi Carnevali S.a.s.<\/strong> s\u2019engage \u00e0 offrir \u00e0 ses clients un service ponctuel, attentif et efficace: de la livraison rapide de la commande \u00e0 l\u2019assistance fournie avant et apr\u00e8s la vente. Notre soci\u00e9t\u00e9 offre \u00e9galement la possibilit\u00e9 de personnaliser les tissus et les couleurs, afin d\u2019offrir un produit unique et exclusif.[\/vc_column_text][\/vc_column][\/vc_row]<\/p>\n<\/div>","protected":false},"excerpt":{"rendered":"<p>[vc_row css_animation=\u00a0\u00bb\u00a0\u00bb row_type=\u00a0\u00bbrow\u00a0\u00bb use_row_as_full_screen_section=\u00a0\u00bbno\u00a0\u00bb type=\u00a0\u00bbfull_width\u00a0\u00bb angled_section=\u00a0\u00bbno\u00a0\u00bb text_align=\u00a0\u00bbleft\u00a0\u00bb background_image_as_pattern=\u00a0\u00bbwithout_pattern\u00a0\u00bb css=\u00a0\u00bb.vc_custom_1607943516761{padding-top: 30px !important;padding-bottom: 30px !important;background-image: url(https:\/\/www.carnevali.it\/wp-content\/uploads\/2018\/01\/luigi-carnevali-servizi.jpg?id=1105) !important;}\u00a0\u00bb z_index=\u00a0\u00bb\u00a0\u00bb background_color=\u00a0\u00bb\u00a0\u00bb border_color=\u00a0\u00bb\u00a0\u00bb][vc_column][vc_separator type=\u00a0\u00bbtransparent\u00a0\u00bb up=\u00a0\u00bb200&Prime;][vc_separator type=\u00a0\u00bbtransparent\u00a0\u00bb down=\u00a0\u00bb200&Prime;][\/vc_column][\/vc_row][vc_row css_animation=\u00a0\u00bb\u00a0\u00bb row_type=\u00a0\u00bbrow\u00a0\u00bb use_row_as_full_screen_section=\u00a0\u00bbno\u00a0\u00bb type=\u00a0\u00bbfull_width\u00a0\u00bb angled_section=\u00a0\u00bbno\u00a0\u00bb text_align=\u00a0\u00bbleft\u00a0\u00bb background_image_as_pattern=\u00a0\u00bbwithout_pattern\u00a0\u00bb css=\u00a0\u00bb.vc_custom_1517408299995{padding-top: 20px !important;}\u00a0\u00bb][vc_column][vc_column_text css=\u00a0\u00bb.vc_custom_1523629709496{padding-right: 20% !important;padding-left: 20% !important;}\u00a0\u00bb] Choisissez la qualit\u00e9 &nbsp; La certitude du r\u00e9sultat porte sur l\u2019exp\u00e9rience et le professionnalisme. [\/vc_column_text][\/vc_column][\/vc_row][vc_row css_animation=\u00a0\u00bb\u00a0\u00bb row_type=\u00a0\u00bbrow\u00a0\u00bb use_row_as_full_screen_section=\u00a0\u00bbno\u00a0\u00bb type=\u00a0\u00bbgrid\u00a0\u00bb angled_section=\u00a0\u00bbno\u00a0\u00bb text_align=\u00a0\u00bbleft\u00a0\u00bb background_image_as_pattern=\u00a0\u00bbwithout_pattern\u00a0\u00bb css=\u00a0\u00bb.vc_custom_1515773116939{padding-top: 5% !important;padding-right: 2% !important;padding-bottom: 5% !important;padding-left: 2% !important;}\u00a0\u00bb][vc_column width=\u00a0\u00bb1\/3&Prime; css=\u00a0\u00bb.vc_custom_1515773105647{padding-right: 2% !important;padding-left: 2% !important;}\u00a0\u00bb][vc_column_text] D\u00e9lais [\/vc_column_text][vc_separator type=\u00a0\u00bbnormal\u00a0\u00bb up=\u00a0\u00bb10&Prime; down=\u00a0\u00bb20&Prime;][vc_column_text]L\u2019un des principaux atouts de la soci\u00e9t\u00e9 Luigi Carnevali S.a.s. est certainement l\u2019efficacit\u00e9 de la cha\u00eene logistique mise en place pour livrer aux clients les marchandises command\u00e9es. \u00c0 partir du moment de la r\u00e9ception de la commande ou de la demande d\u2019\u00e9chantillons, bien souvent, en moins de 24 heures, la commande est trait\u00e9e et livr\u00e9e gr\u00e2ce \u00e0 un r\u00e9seau de courriers tr\u00e8s vaste et capillaire, qui s\u2019\u00e9tend sur toute l\u2019Italie et au-del\u00e0.[\/vc_column_text][\/vc_column][vc_column width=\u00a0\u00bb1\/3&Prime; css=\u00a0\u00bb.vc_custom_1515773022914{padding-right: 2% !important;padding-left: 2% !important;}\u00a0\u00bb][vc_column_text] Recherche et D\u00e9veloppement [\/vc_column_text][vc_separator type=\u00a0\u00bbnormal\u00a0\u00bb up=\u00a0\u00bb10&Prime; down=\u00a0\u00bb20&Prime;][vc_column_text]Depuis ses d\u00e9buts, notre soci\u00e9t\u00e9 a toujours utilis\u00e9 de nombreuses ressources dans la recherche et le d\u00e9veloppement de nouveaux mat\u00e9riaux et de r\u00e9sines pour proposer \u00e0 ses clients des solutions ad hoc. Et le renouvellement continu de ses&#8230;<\/p>\n","protected":false},"author":1,"featured_media":0,"parent":0,"menu_order":0,"comment_status":"closed","ping_status":"closed","template":"full_width.php","meta":{"footnotes":""},"class_list":["post-1104","page","type-page","status-publish","hentry"],"_links":{"self":[{"href":"https:\/\/www.carnevali.it\/fr\/wp-json\/wp\/v2\/pages\/1104","targetHints":{"allow":["GET"]}}],"collection":[{"href":"https:\/\/www.carnevali.it\/fr\/wp-json\/wp\/v2\/pages"}],"about":[{"href":"https:\/\/www.carnevali.it\/fr\/wp-json\/wp\/v2\/types\/page"}],"author":[{"embeddable":true,"href":"https:\/\/www.carnevali.it\/fr\/wp-json\/wp\/v2\/users\/1"}],"replies":[{"embeddable":true,"href":"https:\/\/www.carnevali.it\/fr\/wp-json\/wp\/v2\/comments?post=1104"}],"version-history":[{"count":1,"href":"https:\/\/www.carnevali.it\/fr\/wp-json\/wp\/v2\/pages\/1104\/revisions"}],"predecessor-version":[{"id":1878,"href":"https:\/\/www.carnevali.it\/fr\/wp-json\/wp\/v2\/pages\/1104\/revisions\/1878"}],"wp:attachment":[{"href":"https:\/\/www.carnevali.it\/fr\/wp-json\/wp\/v2\/media?parent=1104"}],"curies":[{"name":"wp","href":"https:\/\/api.w.org\/{rel}","templated":true}]}}